{"id":15223,"date":"2025-04-10T12:38:41","date_gmt":"2025-04-10T12:38:41","guid":{"rendered":"https:\/\/breastcancer.ca\/typographie\/"},"modified":"2025-10-08T23:49:39","modified_gmt":"2025-10-08T23:49:39","slug":"typographie","status":"publish","type":"page","link":"https:\/\/breastcancer.ca\/fr\/typographie\/","title":{"rendered":"Typographie"},"content":{"rendered":"\t\t<div data-elementor-type=\"wp-page\" data-elementor-id=\"15223\" class=\"elementor elementor-15223 elementor-2\" data-elementor-post-type=\"page\">\n\t\t\t\t<div class=\"elementor-element elementor-element-9f8c3c2 e-flex e-con-boxed e-con e-parent\" data-id=\"9f8c3c2\" data-element_type=\"container\">\n\t\t\t\t\t<div class=\"e-con-inner\">\n\t\t\t\t<div class=\"elementor-element elementor-element-5687920 elementor-widget elementor-widget-text-editor\" data-id=\"5687920\" data-element_type=\"widget\" data-widget_type=\"text-editor.default\">\n\t\t\t\t<div class=\"elementor-widget-container\">\n\t\t\t\t\t\t\t\t\t<h1><span style=\"vertical-align: inherit;\">H1<\/span><\/h1><h2><span style=\"vertical-align: inherit;\">H2<\/span><\/h2><h3><span style=\"vertical-align: inherit;\">H3<\/span><\/h3><h4><span style=\"vertical-align: inherit;\">H4<\/span><\/h4><h5><span style=\"vertical-align: inherit;\">H5<\/span><\/h5><h6><span style=\"vertical-align: inherit;\">H6<\/span><\/h6><p><a href=\"https:\/\/theabcpro.com\/aa-style-guide\/#\"><span style=\"vertical-align: inherit;\">Ceci est un lien de test<\/span><\/a><\/p><p><span style=\"vertical-align: inherit;\">La douleur elle-m\u00eame est l&rsquo;amour de la douleur, les principaux probl\u00e8mes \u00e9cologiques, mais je donne ce genre de temps pour tomber, de sorte qu&rsquo;une grande douleur et souffrance. Dans le but de parvenir \u00e0 un minimum, qui parmi nous devrait exercer un emploi, si ce n&rsquo;est pour tirer profit des cons\u00e9quences qui en d\u00e9coulent. Mais la douleur dans le film est une incitation \u00e0 condamner, dans le plaisir, elle veut \u00e9chapper \u00e0 la douleur d&rsquo;\u00eatre cillum dans la douleur, sans r\u00e9sultat. Ce sont les exceptions auxquelles les aveugles aspirent, ils ne voient pas, ce sont ceux qui abandonnent leurs responsabilit\u00e9s \u00e0 la faute qui apaise les difficult\u00e9s de l&rsquo;\u00e2me.<\/span><\/p><p><span style=\"vertical-align: inherit;\">La douleur elle-m\u00eame est l&rsquo;amour de la douleur, les principaux probl\u00e8mes \u00e9cologiques, mais je donne ce genre de temps pour tomber, de sorte qu&rsquo;une grande douleur et souffrance. Dans le but de parvenir \u00e0 un minimum, qui parmi nous devrait exercer un emploi, si ce n&rsquo;est pour tirer profit des cons\u00e9quences qui en d\u00e9coulent. Mais la douleur dans le film est une incitation \u00e0 condamner, dans le plaisir, elle veut \u00e9chapper \u00e0 la douleur d&rsquo;\u00eatre cillum dans la douleur, sans r\u00e9sultat. Ce sont les exceptions auxquelles les aveugles aspirent, ils ne voient pas, ce sont ceux qui abandonnent leurs responsabilit\u00e9s \u00e0 la faute qui apaise les difficult\u00e9s de l&rsquo;\u00e2me.<\/span><\/p><ul><li><span style=\"vertical-align: inherit;\">Test UL<\/span><\/li><li><span style=\"vertical-align: inherit;\">Test UL<\/span><\/li><li><span style=\"vertical-align: inherit;\">Test UL<\/span><\/li><\/ul><p><span style=\"vertical-align: inherit;\">La douleur elle-m\u00eame est l&rsquo;amour de la douleur, les principaux probl\u00e8mes \u00e9cologiques, mais je donne ce genre de temps pour tomber, de sorte qu&rsquo;une grande douleur et souffrance. Dans le but de parvenir \u00e0 un minimum, qui parmi nous devrait exercer un emploi, si ce n&rsquo;est pour tirer profit des cons\u00e9quences qui en d\u00e9coulent. Mais la douleur dans le film est une incitation \u00e0 condamner, dans le plaisir, elle veut \u00e9chapper \u00e0 la douleur d&rsquo;\u00eatre cillum dans la douleur, sans r\u00e9sultat. Ce sont les exceptions auxquelles les aveugles aspirent, ils ne voient pas, ce sont ceux qui abandonnent leurs responsabilit\u00e9s \u00e0 la faute qui apaise les difficult\u00e9s de l&rsquo;\u00e2me.<\/span><\/p><ol><li><span style=\"vertical-align: inherit;\">Test ol<\/span><\/li><li><span style=\"vertical-align: inherit;\">Test ol<\/span><\/li><li><span style=\"vertical-align: inherit;\">Test ol<\/span><\/li><\/ol><p><span style=\"vertical-align: inherit;\">La douleur elle-m\u00eame est l&rsquo;amour de la douleur, les principaux probl\u00e8mes \u00e9cologiques, mais je donne ce genre de temps pour tomber, de sorte qu&rsquo;une grande douleur et souffrance. Dans le but de parvenir \u00e0 un minimum, qui parmi nous devrait exercer un emploi, si ce n&rsquo;est pour tirer profit des cons\u00e9quences qui en d\u00e9coulent. Mais la douleur dans le film est une incitation \u00e0 condamner, dans le plaisir, elle veut \u00e9chapper \u00e0 la douleur d&rsquo;\u00eatre cillum dans la douleur, sans r\u00e9sultat. Ce sont les exceptions auxquelles les aveugles aspirent, ils ne voient pas, ce sont ceux qui abandonnent leurs responsabilit\u00e9s \u00e0 la faute qui apaise les difficult\u00e9s de l&rsquo;\u00e2me.<\/span><\/p>\t\t\t\t\t\t\t\t<\/div>\n\t\t\t\t<\/div>\n\t\t\t\t\t<\/div>\n\t\t\t\t<\/div>\n\t\t\t\t<\/div>\n\t\t","protected":false},"excerpt":{"rendered":"<p>H1 H2 H3 H4 H5 H6 Ceci est un lien de test La douleur elle-m\u00eame est l&rsquo;amour de la douleur, les principaux probl\u00e8mes \u00e9cologiques, mais je donne ce genre de temps pour tomber, de sorte qu&rsquo;une grande douleur et souffrance. Dans le but de parvenir \u00e0 un minimum, qui parmi nous devrait exercer un emploi, [&hellip;]<\/p>\n","protected":false},"author":1,"featured_media":0,"parent":0,"menu_order":0,"comment_status":"closed","ping_status":"closed","template":"","meta":{"_acf_changed":false,"footnotes":""},"class_list":["post-15223","page","type-page","status-publish","hentry"],"acf":[],"yoast_head":"<!-- This site is optimized with the Yoast SEO plugin v26.5 - https:\/\/yoast.com\/wordpress\/plugins\/seo\/ -->\n<title>Typographie - Breast Cancer Canada<\/title>\n<meta name=\"robots\" content=\"index, follow, max-snippet:-1, max-image-preview:large, max-video-preview:-1\" \/>\n<link rel=\"canonical\" href=\"https:\/\/breastcancer.ca\/fr\/typographie\/\" \/>\n<meta property=\"og:locale\" content=\"fr_FR\" \/>\n<meta property=\"og:type\" content=\"article\" \/>\n<meta property=\"og:title\" content=\"Typographie - Breast Cancer Canada\" \/>\n<meta property=\"og:description\" content=\"H1 H2 H3 H4 H5 H6 Ceci est un lien de test La douleur elle-m\u00eame est l&rsquo;amour de la douleur, les principaux probl\u00e8mes \u00e9cologiques, mais je donne ce genre de temps pour tomber, de sorte qu&rsquo;une grande douleur et souffrance. Dans le but de parvenir \u00e0 un minimum, qui parmi nous devrait exercer un emploi, [&hellip;]\" \/>\n<meta property=\"og:url\" content=\"https:\/\/breastcancer.ca\/fr\/typographie\/\" \/>\n<meta property=\"og:site_name\" content=\"Breast Cancer Canada\" \/>\n<meta property=\"article:modified_time\" content=\"2025-10-08T23:49:39+00:00\" \/>\n<meta name=\"twitter:card\" content=\"summary_large_image\" \/>\n<meta name=\"twitter:label1\" content=\"Dur\u00e9e de lecture estim\u00e9e\" \/>\n\t<meta name=\"twitter:data1\" content=\"2 minutes\" \/>\n<script type=\"application\/ld+json\" class=\"yoast-schema-graph\">{\"@context\":\"https:\/\/schema.org\",\"@graph\":[{\"@type\":\"WebPage\",\"@id\":\"https:\/\/breastcancer.ca\/fr\/typographie\/\",\"url\":\"https:\/\/breastcancer.ca\/fr\/typographie\/\",\"name\":\"Typographie - Breast Cancer Canada\",\"isPartOf\":{\"@id\":\"https:\/\/breastcancer.ca\/fr\/#website\"},\"datePublished\":\"2025-04-10T12:38:41+00:00\",\"dateModified\":\"2025-10-08T23:49:39+00:00\",\"breadcrumb\":{\"@id\":\"https:\/\/breastcancer.ca\/fr\/typographie\/#breadcrumb\"},\"inLanguage\":\"fr-FR\",\"potentialAction\":[{\"@type\":\"ReadAction\",\"target\":[\"https:\/\/breastcancer.ca\/fr\/typographie\/\"]}]},{\"@type\":\"BreadcrumbList\",\"@id\":\"https:\/\/breastcancer.ca\/fr\/typographie\/#breadcrumb\",\"itemListElement\":[{\"@type\":\"ListItem\",\"position\":1,\"name\":\"Home\",\"item\":\"https:\/\/breastcancer.ca\/fr\/accueil\/\"},{\"@type\":\"ListItem\",\"position\":2,\"name\":\"Typographie\"}]},{\"@type\":\"WebSite\",\"@id\":\"https:\/\/breastcancer.ca\/fr\/#website\",\"url\":\"https:\/\/breastcancer.ca\/fr\/\",\"name\":\"Breast Cancer Canada\",\"description\":\"The more we know, the sooner we can end breast cancer.\",\"publisher\":{\"@id\":\"https:\/\/breastcancer.ca\/fr\/#organization\"},\"potentialAction\":[{\"@type\":\"SearchAction\",\"target\":{\"@type\":\"EntryPoint\",\"urlTemplate\":\"https:\/\/breastcancer.ca\/fr\/?s={search_term_string}\"},\"query-input\":{\"@type\":\"PropertyValueSpecification\",\"valueRequired\":true,\"valueName\":\"search_term_string\"}}],\"inLanguage\":\"fr-FR\"},{\"@type\":\"Organization\",\"@id\":\"https:\/\/breastcancer.ca\/fr\/#organization\",\"name\":\"Breast Cancer Canada\",\"url\":\"https:\/\/breastcancer.ca\/fr\/\",\"logo\":{\"@type\":\"ImageObject\",\"inLanguage\":\"fr-FR\",\"@id\":\"https:\/\/breastcancer.ca\/fr\/#\/schema\/logo\/image\/\",\"url\":\"https:\/\/breastcancer.ca\/wp-content\/uploads\/2025\/04\/BCC_Logo_endscreen.png\",\"contentUrl\":\"https:\/\/breastcancer.ca\/wp-content\/uploads\/2025\/04\/BCC_Logo_endscreen.png\",\"width\":1456,\"height\":260,\"caption\":\"Breast Cancer Canada\"},\"image\":{\"@id\":\"https:\/\/breastcancer.ca\/fr\/#\/schema\/logo\/image\/\"}}]}<\/script>\n<!-- \/ Yoast SEO plugin. -->","yoast_head_json":{"title":"Typographie - Breast Cancer Canada","robots":{"index":"index","follow":"follow","max-snippet":"max-snippet:-1","max-image-preview":"max-image-preview:large","max-video-preview":"max-video-preview:-1"},"canonical":"https:\/\/breastcancer.ca\/fr\/typographie\/","og_locale":"fr_FR","og_type":"article","og_title":"Typographie - Breast Cancer Canada","og_description":"H1 H2 H3 H4 H5 H6 Ceci est un lien de test La douleur elle-m\u00eame est l&rsquo;amour de la douleur, les principaux probl\u00e8mes \u00e9cologiques, mais je donne ce genre de temps pour tomber, de sorte qu&rsquo;une grande douleur et souffrance. Dans le but de parvenir \u00e0 un minimum, qui parmi nous devrait exercer un emploi, [&hellip;]","og_url":"https:\/\/breastcancer.ca\/fr\/typographie\/","og_site_name":"Breast Cancer Canada","article_modified_time":"2025-10-08T23:49:39+00:00","twitter_card":"summary_large_image","twitter_misc":{"Dur\u00e9e de lecture estim\u00e9e":"2 minutes"},"schema":{"@context":"https:\/\/schema.org","@graph":[{"@type":"WebPage","@id":"https:\/\/breastcancer.ca\/fr\/typographie\/","url":"https:\/\/breastcancer.ca\/fr\/typographie\/","name":"Typographie - Breast Cancer Canada","isPartOf":{"@id":"https:\/\/breastcancer.ca\/fr\/#website"},"datePublished":"2025-04-10T12:38:41+00:00","dateModified":"2025-10-08T23:49:39+00:00","breadcrumb":{"@id":"https:\/\/breastcancer.ca\/fr\/typographie\/#breadcrumb"},"inLanguage":"fr-FR","potentialAction":[{"@type":"ReadAction","target":["https:\/\/breastcancer.ca\/fr\/typographie\/"]}]},{"@type":"BreadcrumbList","@id":"https:\/\/breastcancer.ca\/fr\/typographie\/#breadcrumb","itemListElement":[{"@type":"ListItem","position":1,"name":"Home","item":"https:\/\/breastcancer.ca\/fr\/accueil\/"},{"@type":"ListItem","position":2,"name":"Typographie"}]},{"@type":"WebSite","@id":"https:\/\/breastcancer.ca\/fr\/#website","url":"https:\/\/breastcancer.ca\/fr\/","name":"Breast Cancer Canada","description":"The more we know, the sooner we can end breast cancer.","publisher":{"@id":"https:\/\/breastcancer.ca\/fr\/#organization"},"potentialAction":[{"@type":"SearchAction","target":{"@type":"EntryPoint","urlTemplate":"https:\/\/breastcancer.ca\/fr\/?s={search_term_string}"},"query-input":{"@type":"PropertyValueSpecification","valueRequired":true,"valueName":"search_term_string"}}],"inLanguage":"fr-FR"},{"@type":"Organization","@id":"https:\/\/breastcancer.ca\/fr\/#organization","name":"Breast Cancer Canada","url":"https:\/\/breastcancer.ca\/fr\/","logo":{"@type":"ImageObject","inLanguage":"fr-FR","@id":"https:\/\/breastcancer.ca\/fr\/#\/schema\/logo\/image\/","url":"https:\/\/breastcancer.ca\/wp-content\/uploads\/2025\/04\/BCC_Logo_endscreen.png","contentUrl":"https:\/\/breastcancer.ca\/wp-content\/uploads\/2025\/04\/BCC_Logo_endscreen.png","width":1456,"height":260,"caption":"Breast Cancer Canada"},"image":{"@id":"https:\/\/breastcancer.ca\/fr\/#\/schema\/logo\/image\/"}}]}},"_links":{"self":[{"href":"https:\/\/breastcancer.ca\/fr\/wp-json\/wp\/v2\/pages\/15223","targetHints":{"allow":["GET"]}}],"collection":[{"href":"https:\/\/breastcancer.ca\/fr\/wp-json\/wp\/v2\/pages"}],"about":[{"href":"https:\/\/breastcancer.ca\/fr\/wp-json\/wp\/v2\/types\/page"}],"author":[{"embeddable":true,"href":"https:\/\/breastcancer.ca\/fr\/wp-json\/wp\/v2\/users\/1"}],"replies":[{"embeddable":true,"href":"https:\/\/breastcancer.ca\/fr\/wp-json\/wp\/v2\/comments?post=15223"}],"version-history":[{"count":1,"href":"https:\/\/breastcancer.ca\/fr\/wp-json\/wp\/v2\/pages\/15223\/revisions"}],"predecessor-version":[{"id":15224,"href":"https:\/\/breastcancer.ca\/fr\/wp-json\/wp\/v2\/pages\/15223\/revisions\/15224"}],"wp:attachment":[{"href":"https:\/\/breastcancer.ca\/fr\/wp-json\/wp\/v2\/media?parent=15223"}],"curies":[{"name":"wp","href":"https:\/\/api.w.org\/{rel}","templated":true}]}}