{"id":15241,"date":"2025-06-02T15:16:13","date_gmt":"2025-06-02T15:16:13","guid":{"rendered":"https:\/\/breastcancer.ca\/dons-de-contrepartie\/"},"modified":"2025-10-08T23:50:54","modified_gmt":"2025-10-08T23:50:54","slug":"dons-de-contrepartie","status":"publish","type":"page","link":"https:\/\/breastcancer.ca\/fr\/dons-de-contrepartie\/","title":{"rendered":"Dons de contrepartie"},"content":{"rendered":"\t\t<div data-elementor-type=\"wp-page\" data-elementor-id=\"15241\" class=\"elementor elementor-15241 elementor-13030\" data-elementor-post-type=\"page\">\n\t\t\t\t<div class=\"elementor-element elementor-element-ea282df e-flex e-con-boxed e-con e-parent\" data-id=\"ea282df\" data-element_type=\"container\" data-settings=\"{&quot;background_background&quot;:&quot;classic&quot;}\">\n\t\t\t\t\t<div class=\"e-con-inner\">\n\t\t<div class=\"elementor-element elementor-element-24b7097 e-con-full e-flex e-con e-child\" data-id=\"24b7097\" data-element_type=\"container\">\n\t\t<div class=\"elementor-element elementor-element-15dcd1f e-con-full e-flex e-con e-child\" data-id=\"15dcd1f\" data-element_type=\"container\">\n\t\t\t\t<div class=\"elementor-element elementor-element-6cb37d3 elementor-hidden-mobile elementor-widget elementor-widget-heading\" data-id=\"6cb37d3\" data-element_type=\"widget\" data-widget_type=\"heading.default\">\n\t\t\t\t<div class=\"elementor-widget-container\">\n\t\t\t\t\t<h1 class=\"elementor-heading-title elementor-size-default\">Dons de contrepartie<\/h1>\t\t\t\t<\/div>\n\t\t\t\t<\/div>\n\t\t\t\t<div class=\"elementor-element elementor-element-f485609 elementor-hidden-mobile elementor-widget elementor-widget-heading\" data-id=\"f485609\" data-element_type=\"widget\" data-widget_type=\"heading.default\">\n\t\t\t\t<div class=\"elementor-widget-container\">\n\t\t\t\t\t<span class=\"elementor-heading-title elementor-size-default\">Votre soutien d'aujourd'hui alimente les perc\u00e9es de demain.<\/span>\t\t\t\t<\/div>\n\t\t\t\t<\/div>\n\t\t\t\t<\/div>\n\t\t<div class=\"elementor-element elementor-element-5c3dd03 e-con-full e-flex e-con e-child\" data-id=\"5c3dd03\" data-element_type=\"container\">\n\t\t\t\t<\/div>\n\t\t\t\t<\/div>\n\t\t\t\t\t<\/div>\n\t\t\t\t<\/div>\n\t\t<div class=\"elementor-element elementor-element-cb2ad82 e-flex e-con-boxed e-con e-parent\" data-id=\"cb2ad82\" data-element_type=\"container\" data-settings=\"{&quot;background_background&quot;:&quot;classic&quot;}\">\n\t\t\t\t\t<div class=\"e-con-inner\">\n\t\t\t\t<div class=\"elementor-element elementor-element-d74ad17 elementor-widget elementor-widget-heading\" data-id=\"d74ad17\" data-element_type=\"widget\" data-widget_type=\"heading.default\">\n\t\t\t\t<div class=\"elementor-widget-container\">\n\t\t\t\t\t<h1 class=\"elementor-heading-title elementor-size-default\">Multipliez l'impact de votre don<\/h1>\t\t\t\t<\/div>\n\t\t\t\t<\/div>\n\t\t\t\t<div class=\"elementor-element elementor-element-fc163d9 elementor-widget-tablet__width-inherit elementor-widget elementor-widget-text-editor\" data-id=\"fc163d9\" data-element_type=\"widget\" data-widget_type=\"text-editor.default\">\n\t\t\t\t<div class=\"elementor-widget-container\">\n\t\t\t\t\t\t\t\t\t<p><strong>Saviez-vous que des milliers d&rsquo;entreprises peuvent \u00e9galer les dons de leurs employ\u00e9s \u00e0 notre organisation ?<\/strong><\/p><p>Veuillez utiliser l&rsquo;outil de recherche ci-dessous pour voir si votre entreprise \u00e9galera votre don et pour acc\u00e9der aux formulaires, directives et instructions dont vous avez besoin pour soumettre un don de contrepartie.<\/p>\t\t\t\t\t\t\t\t<\/div>\n\t\t\t\t<\/div>\n\t\t\t\t<div class=\"elementor-element elementor-element-4245166 elementor-widget elementor-widget-text-editor\" data-id=\"4245166\" data-element_type=\"widget\" data-widget_type=\"text-editor.default\">\n\t\t\t\t<div class=\"elementor-widget-container\">\n\t\t\t\t\t\t\t\t\t<p><script>var DDCONF = { API_KEY: \"fUjzuywEPYTtpk60\" };<\/script><script src=\"https:\/\/doublethedonation.com\/api\/js\/ddplugin.js\"><\/script><\/p><div id=\"dd-container\">Informations sur les <a href=\"https:\/\/doublethedonation.com\/matching-grant-resources\/matching-gift-basics\/\">dons de contrepartie<\/a> et les <a href=\"https:\/\/doublethedonation.com\/matching-grant-resources\/volunteer-grant-basics\/\">subventions de b\u00e9n\u00e9volat<\/a> fournies par<br><a href=\"https:\/\/doublethedonation.com\"><img decoding=\"async\" src=\"https:\/\/doublethedonation.com\/api\/img\/powered-by.png\" alt=\"Aliment\u00e9 par double the donation\"><\/a><\/div><div> <\/div><div> <\/div>\t\t\t\t\t\t\t\t<\/div>\n\t\t\t\t<\/div>\n\t\t\t\t<div class=\"elementor-element elementor-element-b514322 elementor-widget elementor-widget-text-editor\" data-id=\"b514322\" data-element_type=\"widget\" data-widget_type=\"text-editor.default\">\n\t\t\t\t<div class=\"elementor-widget-container\">\n\t\t\t\t\t\t\t\t\t<p>Saviez-vous que vous pouvez doubler votre soutien \u00e0 la Soci\u00e9t\u00e9 canadienne du cancer du sein, sans m\u00eame donner un dollar de plus ? Vous le pouvez si votre employeur participe \u00e0 notre programme de dons de contrepartie. De nombreuses entreprises \u00e9galent les dons des employ\u00e9s (ou la composante d\u00e9ductible d&rsquo;imp\u00f4t de votre don) \u00e0 notre organisation. Si vous faites du b\u00e9n\u00e9volat avec nous, votre employeur peut \u00e9galement nous fournir une subvention comme moyen de reconna\u00eetre votre soutien continu.   <\/p><p><strong>Veuillez rechercher votre entreprise ci-dessus, et merci de v\u00e9rifier si votre entreprise offre ces programmes !<\/strong><\/p><p><strong>Questions fr\u00e9quemment pos\u00e9es<br><\/strong><br><strong>Que sont les programmes de dons de contrepartie des employ\u00e9s ?<\/strong><br>Les programmes de dons de contrepartie des employ\u00e9s sont des programmes de dons d&rsquo;entreprise dans lesquels l&rsquo;entreprise \u00e9gale les dons faits par les employ\u00e9s aux organisations \u00e0 but non lucratif admissibles. C&rsquo;est un moyen facile de doubler votre contribution \u00e0 notre organisation ! <\/p><p><strong>Que sont les programmes de subventions de b\u00e9n\u00e9volat ?<\/strong><br>Les programmes de subventions de b\u00e9n\u00e9volat sont des programmes de dons d&rsquo;entreprise dans lesquels les entreprises fournissent des dons mon\u00e9taires aux organisations o\u00f9 les employ\u00e9s font r\u00e9guli\u00e8rement du b\u00e9n\u00e9volat. Si vous faites du b\u00e9n\u00e9volat avec nous, c&rsquo;est un moyen facile de nous fournir un soutien financier suppl\u00e9mentaire ! <\/p><p><strong>Comment puis-je demander un don de contrepartie ou une subvention de b\u00e9n\u00e9volat ?<\/strong><br>Demander un don de contrepartie ou une subvention de b\u00e9n\u00e9volat est normalement un processus de cinq minutes qui doit \u00eatre initi\u00e9 par le donateur \/ b\u00e9n\u00e9vole. Vous pouvez le faire en remplissant et en soumettant un formulaire de contrepartie papier fourni par votre employeur ou par un processus de soumission \u00e9lectronique. Veuillez consulter notre base de donn\u00e9es pour des informations sp\u00e9cifiques \u00e0 l&rsquo;entreprise.  <\/p><p><strong>Comment ces informations sont-elles obtenues ?<\/strong><br>Nous nous associons avec une entreprise appel\u00e9e <span style=\"text-decoration: underline;\"><span style=\"color: #000000;\"><a style=\"color: #000000; text-decoration: underline;\" href=\"https:\/\/doublethedonation.com\/\">Double the Donation<\/a><\/span><\/span>. Si vous voyez quelque chose qui devrait \u00eatre modifi\u00e9, veuillez envoyer un courriel \u00e0 l&rsquo;\u00e9quipe de Double the Donation \u00e0 <span style=\"text-decoration: underline;\"><span style=\"color: #000000;\"><a style=\"color: #000000; text-decoration: underline;\" href=\"mailto:data@doublethedonation.com\">data@doublethedonation.com<\/a><\/span><\/span> <\/p><p><strong>Mon entreprise n&rsquo;est pas r\u00e9pertori\u00e9e ?<br>S&rsquo;il y a une entreprise que vous savez avoir un programme de dons de contrepartie qui n&rsquo;est pas incluse dans la recherche ci-dessus, veuillez visiter <span style=\"text-decoration: underline; color: #000000;\"><a style=\"color: #000000; text-decoration: underline;\" href=\"https:\/\/doublethedonation.com\/matching-gift-database\/new-companies-with-matching-gift-programs\/\">Double the Donation<\/a><\/span> pour apprendre comment vous impliquer.<\/strong><\/p><p><strong>Et si j&rsquo;ai encore des questions ?<\/strong><br>Pour les questions concernant les programmes de votre entreprise, veuillez contacter le d\u00e9partement des ressources humaines ou des dons communautaires de votre employeur. Une grande partie des informations n\u00e9cessaires est \u00e9galement disponible sur l&rsquo;intranet de votre entreprise. <\/p><p>Pour les questions concernant la soumission d&rsquo;une demande de don de contrepartie ou de subvention de b\u00e9n\u00e9volat \u00e0 notre organisation, veuillez <span style=\"text-decoration: underline; color: #000000;\"><a style=\"color: #000000;\" href=\"https:\/\/breastcancerprogress.ca\/contact-us\/\">nous contacter<\/a>.<\/span><\/p>\t\t\t\t\t\t\t\t<\/div>\n\t\t\t\t<\/div>\n\t\t\t\t\t<\/div>\n\t\t\t\t<\/div>\n\t\t\t\t<\/div>\n\t\t","protected":false},"excerpt":{"rendered":"<p>Dons de contrepartie Votre soutien d&rsquo;aujourd&rsquo;hui alimente les perc\u00e9es de demain. Multipliez l&rsquo;impact de votre don Saviez-vous que des milliers d&rsquo;entreprises peuvent \u00e9galer les dons de leurs employ\u00e9s \u00e0 notre organisation ? Veuillez utiliser l&rsquo;outil de recherche ci-dessous pour voir si votre entreprise \u00e9galera votre don et pour acc\u00e9der aux formulaires, directives et instructions dont [&hellip;]<\/p>\n","protected":false},"author":1,"featured_media":0,"parent":0,"menu_order":0,"comment_status":"closed","ping_status":"closed","template":"","meta":{"_acf_changed":false,"footnotes":""},"class_list":["post-15241","page","type-page","status-publish","hentry"],"acf":[],"yoast_head":"<!-- This site is optimized with the Yoast SEO plugin v26.5 - https:\/\/yoast.com\/wordpress\/plugins\/seo\/ -->\n<title>Dons de contrepartie - Breast Cancer Canada<\/title>\n<meta name=\"robots\" content=\"index, follow, max-snippet:-1, max-image-preview:large, max-video-preview:-1\" \/>\n<link rel=\"canonical\" href=\"https:\/\/breastcancer.ca\/fr\/dons-de-contrepartie\/\" \/>\n<meta property=\"og:locale\" content=\"fr_FR\" \/>\n<meta property=\"og:type\" content=\"article\" \/>\n<meta property=\"og:title\" content=\"Dons de contrepartie - Breast Cancer Canada\" \/>\n<meta property=\"og:description\" content=\"Dons de contrepartie Votre soutien d&rsquo;aujourd&rsquo;hui alimente les perc\u00e9es de demain. Multipliez l&rsquo;impact de votre don Saviez-vous que des milliers d&rsquo;entreprises peuvent \u00e9galer les dons de leurs employ\u00e9s \u00e0 notre organisation ? Veuillez utiliser l&rsquo;outil de recherche ci-dessous pour voir si votre entreprise \u00e9galera votre don et pour acc\u00e9der aux formulaires, directives et instructions dont [&hellip;]\" \/>\n<meta property=\"og:url\" content=\"https:\/\/breastcancer.ca\/fr\/dons-de-contrepartie\/\" \/>\n<meta property=\"og:site_name\" content=\"Breast Cancer Canada\" \/>\n<meta property=\"article:modified_time\" content=\"2025-10-08T23:50:54+00:00\" \/>\n<meta property=\"og:image\" content=\"https:\/\/doublethedonation.com\/api\/img\/powered-by.png\" \/>\n<meta name=\"twitter:card\" content=\"summary_large_image\" \/>\n<meta name=\"twitter:label1\" content=\"Dur\u00e9e de lecture estim\u00e9e\" \/>\n\t<meta name=\"twitter:data1\" content=\"3 minutes\" \/>\n<script type=\"application\/ld+json\" class=\"yoast-schema-graph\">{\"@context\":\"https:\/\/schema.org\",\"@graph\":[{\"@type\":\"WebPage\",\"@id\":\"https:\/\/breastcancer.ca\/fr\/dons-de-contrepartie\/\",\"url\":\"https:\/\/breastcancer.ca\/fr\/dons-de-contrepartie\/\",\"name\":\"Dons de contrepartie - Breast Cancer Canada\",\"isPartOf\":{\"@id\":\"https:\/\/breastcancer.ca\/fr\/#website\"},\"primaryImageOfPage\":{\"@id\":\"https:\/\/breastcancer.ca\/fr\/dons-de-contrepartie\/#primaryimage\"},\"image\":{\"@id\":\"https:\/\/breastcancer.ca\/fr\/dons-de-contrepartie\/#primaryimage\"},\"thumbnailUrl\":\"https:\/\/doublethedonation.com\/api\/img\/powered-by.png\",\"datePublished\":\"2025-06-02T15:16:13+00:00\",\"dateModified\":\"2025-10-08T23:50:54+00:00\",\"breadcrumb\":{\"@id\":\"https:\/\/breastcancer.ca\/fr\/dons-de-contrepartie\/#breadcrumb\"},\"inLanguage\":\"fr-FR\",\"potentialAction\":[{\"@type\":\"ReadAction\",\"target\":[\"https:\/\/breastcancer.ca\/fr\/dons-de-contrepartie\/\"]}]},{\"@type\":\"ImageObject\",\"inLanguage\":\"fr-FR\",\"@id\":\"https:\/\/breastcancer.ca\/fr\/dons-de-contrepartie\/#primaryimage\",\"url\":\"https:\/\/doublethedonation.com\/api\/img\/powered-by.png\",\"contentUrl\":\"https:\/\/doublethedonation.com\/api\/img\/powered-by.png\"},{\"@type\":\"BreadcrumbList\",\"@id\":\"https:\/\/breastcancer.ca\/fr\/dons-de-contrepartie\/#breadcrumb\",\"itemListElement\":[{\"@type\":\"ListItem\",\"position\":1,\"name\":\"Home\",\"item\":\"https:\/\/breastcancer.ca\/fr\/accueil\/\"},{\"@type\":\"ListItem\",\"position\":2,\"name\":\"Dons de contrepartie\"}]},{\"@type\":\"WebSite\",\"@id\":\"https:\/\/breastcancer.ca\/fr\/#website\",\"url\":\"https:\/\/breastcancer.ca\/fr\/\",\"name\":\"Breast Cancer Canada\",\"description\":\"The more we know, the sooner we can end breast cancer.\",\"publisher\":{\"@id\":\"https:\/\/breastcancer.ca\/fr\/#organization\"},\"potentialAction\":[{\"@type\":\"SearchAction\",\"target\":{\"@type\":\"EntryPoint\",\"urlTemplate\":\"https:\/\/breastcancer.ca\/fr\/?s={search_term_string}\"},\"query-input\":{\"@type\":\"PropertyValueSpecification\",\"valueRequired\":true,\"valueName\":\"search_term_string\"}}],\"inLanguage\":\"fr-FR\"},{\"@type\":\"Organization\",\"@id\":\"https:\/\/breastcancer.ca\/fr\/#organization\",\"name\":\"Breast Cancer Canada\",\"url\":\"https:\/\/breastcancer.ca\/fr\/\",\"logo\":{\"@type\":\"ImageObject\",\"inLanguage\":\"fr-FR\",\"@id\":\"https:\/\/breastcancer.ca\/fr\/#\/schema\/logo\/image\/\",\"url\":\"https:\/\/breastcancer.ca\/wp-content\/uploads\/2025\/04\/BCC_Logo_endscreen.png\",\"contentUrl\":\"https:\/\/breastcancer.ca\/wp-content\/uploads\/2025\/04\/BCC_Logo_endscreen.png\",\"width\":1456,\"height\":260,\"caption\":\"Breast Cancer Canada\"},\"image\":{\"@id\":\"https:\/\/breastcancer.ca\/fr\/#\/schema\/logo\/image\/\"}}]}<\/script>\n<!-- \/ Yoast SEO plugin. -->","yoast_head_json":{"title":"Dons de contrepartie - Breast Cancer Canada","robots":{"index":"index","follow":"follow","max-snippet":"max-snippet:-1","max-image-preview":"max-image-preview:large","max-video-preview":"max-video-preview:-1"},"canonical":"https:\/\/breastcancer.ca\/fr\/dons-de-contrepartie\/","og_locale":"fr_FR","og_type":"article","og_title":"Dons de contrepartie - Breast Cancer Canada","og_description":"Dons de contrepartie Votre soutien d&rsquo;aujourd&rsquo;hui alimente les perc\u00e9es de demain. Multipliez l&rsquo;impact de votre don Saviez-vous que des milliers d&rsquo;entreprises peuvent \u00e9galer les dons de leurs employ\u00e9s \u00e0 notre organisation ? Veuillez utiliser l&rsquo;outil de recherche ci-dessous pour voir si votre entreprise \u00e9galera votre don et pour acc\u00e9der aux formulaires, directives et instructions dont [&hellip;]","og_url":"https:\/\/breastcancer.ca\/fr\/dons-de-contrepartie\/","og_site_name":"Breast Cancer Canada","article_modified_time":"2025-10-08T23:50:54+00:00","og_image":[{"url":"https:\/\/doublethedonation.com\/api\/img\/powered-by.png","type":"","width":"","height":""}],"twitter_card":"summary_large_image","twitter_misc":{"Dur\u00e9e de lecture estim\u00e9e":"3 minutes"},"schema":{"@context":"https:\/\/schema.org","@graph":[{"@type":"WebPage","@id":"https:\/\/breastcancer.ca\/fr\/dons-de-contrepartie\/","url":"https:\/\/breastcancer.ca\/fr\/dons-de-contrepartie\/","name":"Dons de contrepartie - Breast Cancer Canada","isPartOf":{"@id":"https:\/\/breastcancer.ca\/fr\/#website"},"primaryImageOfPage":{"@id":"https:\/\/breastcancer.ca\/fr\/dons-de-contrepartie\/#primaryimage"},"image":{"@id":"https:\/\/breastcancer.ca\/fr\/dons-de-contrepartie\/#primaryimage"},"thumbnailUrl":"https:\/\/doublethedonation.com\/api\/img\/powered-by.png","datePublished":"2025-06-02T15:16:13+00:00","dateModified":"2025-10-08T23:50:54+00:00","breadcrumb":{"@id":"https:\/\/breastcancer.ca\/fr\/dons-de-contrepartie\/#breadcrumb"},"inLanguage":"fr-FR","potentialAction":[{"@type":"ReadAction","target":["https:\/\/breastcancer.ca\/fr\/dons-de-contrepartie\/"]}]},{"@type":"ImageObject","inLanguage":"fr-FR","@id":"https:\/\/breastcancer.ca\/fr\/dons-de-contrepartie\/#primaryimage","url":"https:\/\/doublethedonation.com\/api\/img\/powered-by.png","contentUrl":"https:\/\/doublethedonation.com\/api\/img\/powered-by.png"},{"@type":"BreadcrumbList","@id":"https:\/\/breastcancer.ca\/fr\/dons-de-contrepartie\/#breadcrumb","itemListElement":[{"@type":"ListItem","position":1,"name":"Home","item":"https:\/\/breastcancer.ca\/fr\/accueil\/"},{"@type":"ListItem","position":2,"name":"Dons de contrepartie"}]},{"@type":"WebSite","@id":"https:\/\/breastcancer.ca\/fr\/#website","url":"https:\/\/breastcancer.ca\/fr\/","name":"Breast Cancer Canada","description":"The more we know, the sooner we can end breast cancer.","publisher":{"@id":"https:\/\/breastcancer.ca\/fr\/#organization"},"potentialAction":[{"@type":"SearchAction","target":{"@type":"EntryPoint","urlTemplate":"https:\/\/breastcancer.ca\/fr\/?s={search_term_string}"},"query-input":{"@type":"PropertyValueSpecification","valueRequired":true,"valueName":"search_term_string"}}],"inLanguage":"fr-FR"},{"@type":"Organization","@id":"https:\/\/breastcancer.ca\/fr\/#organization","name":"Breast Cancer Canada","url":"https:\/\/breastcancer.ca\/fr\/","logo":{"@type":"ImageObject","inLanguage":"fr-FR","@id":"https:\/\/breastcancer.ca\/fr\/#\/schema\/logo\/image\/","url":"https:\/\/breastcancer.ca\/wp-content\/uploads\/2025\/04\/BCC_Logo_endscreen.png","contentUrl":"https:\/\/breastcancer.ca\/wp-content\/uploads\/2025\/04\/BCC_Logo_endscreen.png","width":1456,"height":260,"caption":"Breast Cancer Canada"},"image":{"@id":"https:\/\/breastcancer.ca\/fr\/#\/schema\/logo\/image\/"}}]}},"_links":{"self":[{"href":"https:\/\/breastcancer.ca\/fr\/wp-json\/wp\/v2\/pages\/15241","targetHints":{"allow":["GET"]}}],"collection":[{"href":"https:\/\/breastcancer.ca\/fr\/wp-json\/wp\/v2\/pages"}],"about":[{"href":"https:\/\/breastcancer.ca\/fr\/wp-json\/wp\/v2\/types\/page"}],"author":[{"embeddable":true,"href":"https:\/\/breastcancer.ca\/fr\/wp-json\/wp\/v2\/users\/1"}],"replies":[{"embeddable":true,"href":"https:\/\/breastcancer.ca\/fr\/wp-json\/wp\/v2\/comments?post=15241"}],"version-history":[{"count":1,"href":"https:\/\/breastcancer.ca\/fr\/wp-json\/wp\/v2\/pages\/15241\/revisions"}],"predecessor-version":[{"id":15243,"href":"https:\/\/breastcancer.ca\/fr\/wp-json\/wp\/v2\/pages\/15241\/revisions\/15243"}],"wp:attachment":[{"href":"https:\/\/breastcancer.ca\/fr\/wp-json\/wp\/v2\/media?parent=15241"}],"curies":[{"name":"wp","href":"https:\/\/api.w.org\/{rel}","templated":true}]}}