{"id":15426,"date":"2025-09-17T16:18:06","date_gmt":"2025-09-17T16:18:06","guid":{"rendered":"https:\/\/breastcancer.ca\/marche-et-discussion-bd\/"},"modified":"2025-10-09T00:20:45","modified_gmt":"2025-10-09T00:20:45","slug":"marche-et-discussion-bd","status":"publish","type":"page","link":"https:\/\/breastcancer.ca\/fr\/marche-et-discussion-bd\/","title":{"rendered":"Marche et discussion BD"},"content":{"rendered":"\t\t<div data-elementor-type=\"wp-page\" data-elementor-id=\"15426\" class=\"elementor elementor-15426 elementor-14969\" data-elementor-post-type=\"page\">\n\t\t\t\t<div class=\"elementor-element elementor-element-c2b347a e-flex e-con-boxed e-con e-parent\" data-id=\"c2b347a\" data-element_type=\"container\" data-settings=\"{&quot;background_background&quot;:&quot;classic&quot;}\">\n\t\t\t\t\t<div class=\"e-con-inner\">\n\t\t\t\t<div class=\"elementor-element elementor-element-7e0621d elementor-widget elementor-widget-image\" data-id=\"7e0621d\" data-element_type=\"widget\" data-widget_type=\"image.default\">\n\t\t\t\t<div class=\"elementor-widget-container\">\n\t\t\t\t\t\t\t\t\t\t\t\t\t\t\t<img fetchpriority=\"high\" decoding=\"async\" width=\"1340\" height=\"671\" src=\"https:\/\/breastcancer.ca\/wp-content\/uploads\/2025\/09\/BD-Canada-Header.jpg\" class=\"attachment-full size-full wp-image-15427\" alt=\"\" srcset=\"https:\/\/breastcancer.ca\/wp-content\/uploads\/2025\/09\/BD-Canada-Header.jpg 1340w, https:\/\/breastcancer.ca\/wp-content\/uploads\/2025\/09\/BD-Canada-Header-300x150.jpg 300w, https:\/\/breastcancer.ca\/wp-content\/uploads\/2025\/09\/BD-Canada-Header-1024x513.jpg 1024w, https:\/\/breastcancer.ca\/wp-content\/uploads\/2025\/09\/BD-Canada-Header-768x385.jpg 768w\" sizes=\"(max-width: 1340px) 100vw, 1340px\" \/>\t\t\t\t\t\t\t\t\t\t\t\t\t\t\t<\/div>\n\t\t\t\t<\/div>\n\t\t\t\t\t<\/div>\n\t\t\t\t<\/div>\n\t\t<div class=\"elementor-element elementor-element-54eaeef e-flex e-con-boxed e-con e-parent\" data-id=\"54eaeef\" data-element_type=\"container\" data-settings=\"{&quot;background_background&quot;:&quot;classic&quot;}\">\n\t\t\t\t\t<div class=\"e-con-inner\">\n\t\t\t\t\t<\/div>\n\t\t\t\t<\/div>\n\t\t<div class=\"elementor-element elementor-element-7b1b6bf e-flex e-con-boxed e-con e-parent\" data-id=\"7b1b6bf\" data-element_type=\"container\" data-settings=\"{&quot;background_background&quot;:&quot;classic&quot;}\">\n\t\t\t\t\t<div class=\"e-con-inner\">\n\t\t<div class=\"elementor-element elementor-element-bc62a92 e-con-full e-flex e-con e-child\" data-id=\"bc62a92\" data-element_type=\"container\">\n\t\t\t\t<div class=\"elementor-element elementor-element-efb5a4f elementor-widget elementor-widget-spacer\" data-id=\"efb5a4f\" data-element_type=\"widget\" data-widget_type=\"spacer.default\">\n\t\t\t\t<div class=\"elementor-widget-container\">\n\t\t\t\t\t\t\t<div class=\"elementor-spacer\">\n\t\t\t<div class=\"elementor-spacer-inner\"><\/div>\n\t\t<\/div>\n\t\t\t\t\t\t<\/div>\n\t\t\t\t<\/div>\n\t\t\t\t<div class=\"elementor-element elementor-element-6a2c5ef elementor-widget elementor-widget-text-editor\" data-id=\"6a2c5ef\" data-element_type=\"widget\" data-widget_type=\"text-editor.default\">\n\t\t\t\t<div class=\"elementor-widget-container\">\n\t\t\t\t\t\t\t\t\t<p><strong>Mois de sensibilisation au cancer du sein avec BD-Canada et Cancer du sein Canada<\/strong><\/p><p>En octobre, BD-Canada est fi\u00e8re de s&rsquo;associer \u00e0 Cancer du sein Canada dans la mission de faire progresser la recherche, l&rsquo;\u00e9ducation et la d\u00e9fense des droits. Ensemble, nous pouvons am\u00e9liorer les r\u00e9sultats pour les 30 000 Canadiens qui recevront un diagnostic de cancer du sein cette ann\u00e9e. <\/p><p>Ensemble, nous sensibilisons et finan\u00e7ons une recherche innovante ax\u00e9e sur les patients qui favorise une d\u00e9tection plus pr\u00e9coce, des traitements plus efficaces et une meilleure qualit\u00e9 de vie.<\/p><p>Notre collecte de fonds se d\u00e9roule jusqu&rsquo;\u00e0 la premi\u00e8re semaine d&rsquo;octobre et comprend notre Marche communautaire au bureau BD-Canada de Mississauga le 1er octobre 2025.<\/p><p>Joignez-vous \u00e0 nous en contribuant d\u00e8s aujourd&rsquo;hui ! Votre soutien aidera \u00e0 acc\u00e9l\u00e9rer les progr\u00e8s pour les personnes touch\u00e9es par le cancer du sein \u00e0 travers le pays. <\/p><p>**re\u00e7us fiscaux \u00e9mis par courriel par Cancer du sein Canada pour les dons de 20 $ ou plus.<\/p>\t\t\t\t\t\t\t\t<\/div>\n\t\t\t\t<\/div>\n\t\t<div class=\"elementor-element elementor-element-d9ce16c e-con-full e-flex e-con e-child\" data-id=\"d9ce16c\" data-element_type=\"container\" data-settings=\"{&quot;background_background&quot;:&quot;classic&quot;}\">\n\t\t\t\t<div class=\"elementor-element elementor-element-9eac8c4 elementor-widget elementor-widget-heading\" data-id=\"9eac8c4\" data-element_type=\"widget\" data-widget_type=\"heading.default\">\n\t\t\t\t<div class=\"elementor-widget-container\">\n\t\t\t\t\t<h6 class=\"elementor-heading-title elementor-size-default\">Montant total amass\u00e9<\/h6>\t\t\t\t<\/div>\n\t\t\t\t<\/div>\n\t\t\t\t<div class=\"elementor-element elementor-element-037aeb6 elementor-widget elementor-widget-html\" data-id=\"037aeb6\" data-element_type=\"widget\" data-widget_type=\"html.default\">\n\t\t\t\t<div class=\"elementor-widget-container\">\n\t\t\t\t\t<a href=\"#XMWRQYRB\" style=\"display: none\"><\/a>\t\t\t\t<\/div>\n\t\t\t\t<\/div>\n\t\t\t\t<\/div>\n\t\t\t\t<\/div>\n\t\t<div class=\"elementor-element elementor-element-216757c e-con-full e-flex e-con e-child\" data-id=\"216757c\" data-element_type=\"container\">\n\t\t\t\t<div class=\"elementor-element elementor-element-e4ae2e9 elementor-widget elementor-widget-html\" data-id=\"e4ae2e9\" data-element_type=\"widget\" data-widget_type=\"html.default\">\n\t\t\t\t<div class=\"elementor-widget-container\">\n\t\t\t\t\t<a href=\"#XNZNWFAA\" style=\"display: none\"><\/a>\t\t\t\t<\/div>\n\t\t\t\t<\/div>\n\t\t\t\t<div class=\"elementor-element elementor-element-e2e16e7 elementor-widget elementor-widget-html\" data-id=\"e2e16e7\" data-element_type=\"widget\" data-widget_type=\"html.default\">\n\t\t\t\t<div class=\"elementor-widget-container\">\n\t\t\t\t\t<a href=\"#XWTDJPKN\" style=\"display: none\"><\/a>\t\t\t\t<\/div>\n\t\t\t\t<\/div>\n\t\t\t\t<\/div>\n\t\t\t\t\t<\/div>\n\t\t\t\t<\/div>\n\t\t<div class=\"elementor-element elementor-element-5ccfb02 e-flex e-con-boxed e-con e-parent\" data-id=\"5ccfb02\" data-element_type=\"container\" data-settings=\"{&quot;background_background&quot;:&quot;classic&quot;}\">\n\t\t\t\t\t<div class=\"e-con-inner\">\n\t\t<div class=\"elementor-element elementor-element-e4c00eb e-con-full e-flex e-con e-child\" data-id=\"e4c00eb\" data-element_type=\"container\">\n\t\t\t\t<div class=\"elementor-element elementor-element-92391a5 elementor-widget elementor-widget-spacer\" data-id=\"92391a5\" data-element_type=\"widget\" data-widget_type=\"spacer.default\">\n\t\t\t\t<div class=\"elementor-widget-container\">\n\t\t\t\t\t\t\t<div class=\"elementor-spacer\">\n\t\t\t<div class=\"elementor-spacer-inner\"><\/div>\n\t\t<\/div>\n\t\t\t\t\t\t<\/div>\n\t\t\t\t<\/div>\n\t\t\t\t<div class=\"elementor-element elementor-element-6167222 elementor-widget elementor-widget-text-editor\" data-id=\"6167222\" data-element_type=\"widget\" data-widget_type=\"text-editor.default\">\n\t\t\t\t<div class=\"elementor-widget-container\">\n\t\t\t\t\t\t\t\t\t<p>Le cancer du sein est le cancer le plus diagnostiqu\u00e9 au monde, selon l&rsquo;Organisation mondiale de la sant\u00e9. Au Canada, 1 femme sur 8 recevra un diagnostic au cours de sa vie. <\/p><p>Mais le cancer du sein n&rsquo;est pas une seule maladie \u2014 il en existe plus de 50 types, chacun avec ses d\u00e9fis et ses complexit\u00e9s uniques. C&rsquo;est pourquoi la recherche est plus importante que jamais. <\/p><p><span style=\"text-decoration: underline;\"><strong>\u00c0 propos de Cancer du sein Canada<\/strong><\/span><\/p><p>Cancer du sein Canada est un organisme de bienfaisance national d\u00e9di\u00e9 \u00e0 sauver des vies gr\u00e2ce \u00e0 la recherche sur le cancer du sein. Avec un accent sur l&rsquo;oncologie de pr\u00e9cision (soins personnalis\u00e9s), il s&rsquo;agit de la seule organisation nationale de cancer du sein au Canada qui a un mandat clair de collecter des fonds pour la recherche et de d\u00e9fendre et d&rsquo;\u00e9duquer sur les progr\u00e8s de nouvelles preuves de recherche. <\/p><p>Chaque jour, les chercheurs travaillent dur pour faire progresser notre compr\u00e9hension de cette maladie. Pour la d\u00e9tecter plus t\u00f4t et mieux la traiter. Nous savons que la recherche donnera des r\u00e9sultats. Et avec votre soutien pour collecter plus de fonds, un avenir sans cancer du sein est possible.   <\/p>\t\t\t\t\t\t\t\t<\/div>\n\t\t\t\t<\/div>\n\t\t\t\t<\/div>\n\t\t<div class=\"elementor-element elementor-element-034ca3e e-con-full e-flex e-con e-child\" data-id=\"034ca3e\" data-element_type=\"container\">\n\t\t\t\t<div class=\"elementor-element elementor-element-aa68fd9 elementor-widget__width-initial elementor-widget elementor-widget-image\" data-id=\"aa68fd9\" data-element_type=\"widget\" data-widget_type=\"image.default\">\n\t\t\t\t<div class=\"elementor-widget-container\">\n\t\t\t\t\t\t\t\t\t\t\t\t\t\t\t<img decoding=\"async\" width=\"800\" height=\"773\" src=\"https:\/\/breastcancer.ca\/wp-content\/uploads\/2025\/06\/Commitment-1024x989.webp\" class=\"attachment-large size-large wp-image-15196\" alt=\"\" srcset=\"https:\/\/breastcancer.ca\/wp-content\/uploads\/2025\/06\/Commitment-1024x989.webp 1024w, https:\/\/breastcancer.ca\/wp-content\/uploads\/2025\/06\/Commitment-300x290.webp 300w, https:\/\/breastcancer.ca\/wp-content\/uploads\/2025\/06\/Commitment-768x742.webp 768w, https:\/\/breastcancer.ca\/wp-content\/uploads\/2025\/06\/Commitment.webp 1220w\" sizes=\"(max-width: 800px) 100vw, 800px\" \/>\t\t\t\t\t\t\t\t\t\t\t\t\t\t\t<\/div>\n\t\t\t\t<\/div>\n\t\t\t\t<\/div>\n\t\t\t\t\t<\/div>\n\t\t\t\t<\/div>\n\t\t\t\t<\/div>\n\t\t","protected":false},"excerpt":{"rendered":"<p>Mois de sensibilisation au cancer du sein avec BD-Canada et Cancer du sein Canada En octobre, BD-Canada est fi\u00e8re de s&rsquo;associer \u00e0 Cancer du sein Canada dans la mission de faire progresser la recherche, l&rsquo;\u00e9ducation et la d\u00e9fense des droits. Ensemble, nous pouvons am\u00e9liorer les r\u00e9sultats pour les 30 000 Canadiens qui recevront un diagnostic [&hellip;]<\/p>\n","protected":false},"author":5,"featured_media":0,"parent":0,"menu_order":0,"comment_status":"closed","ping_status":"closed","template":"","meta":{"_acf_changed":false,"footnotes":""},"class_list":["post-15426","page","type-page","status-publish","hentry"],"acf":[],"yoast_head":"<!-- This site is optimized with the Yoast SEO plugin v26.5 - https:\/\/yoast.com\/wordpress\/plugins\/seo\/ -->\n<title>Marche et discussion BD - Breast Cancer Canada<\/title>\n<meta name=\"robots\" content=\"index, follow, max-snippet:-1, max-image-preview:large, max-video-preview:-1\" \/>\n<link rel=\"canonical\" href=\"https:\/\/breastcancer.ca\/fr\/marche-et-discussion-bd\/\" \/>\n<meta property=\"og:locale\" content=\"fr_FR\" \/>\n<meta property=\"og:type\" content=\"article\" \/>\n<meta property=\"og:title\" content=\"Marche et discussion BD - Breast Cancer Canada\" \/>\n<meta property=\"og:description\" content=\"Mois de sensibilisation au cancer du sein avec BD-Canada et Cancer du sein Canada En octobre, BD-Canada est fi\u00e8re de s&rsquo;associer \u00e0 Cancer du sein Canada dans la mission de faire progresser la recherche, l&rsquo;\u00e9ducation et la d\u00e9fense des droits. Ensemble, nous pouvons am\u00e9liorer les r\u00e9sultats pour les 30 000 Canadiens qui recevront un diagnostic [&hellip;]\" \/>\n<meta property=\"og:url\" content=\"https:\/\/breastcancer.ca\/fr\/marche-et-discussion-bd\/\" \/>\n<meta property=\"og:site_name\" content=\"Breast Cancer Canada\" \/>\n<meta property=\"article:modified_time\" content=\"2025-10-09T00:20:45+00:00\" \/>\n<meta property=\"og:image\" content=\"https:\/\/breastcancer.ca\/wp-content\/uploads\/2025\/09\/BD-Canada-Header.jpg\" \/>\n\t<meta property=\"og:image:width\" content=\"1340\" \/>\n\t<meta property=\"og:image:height\" content=\"671\" \/>\n\t<meta property=\"og:image:type\" content=\"image\/jpeg\" \/>\n<meta name=\"twitter:card\" content=\"summary_large_image\" \/>\n<meta name=\"twitter:label1\" content=\"Dur\u00e9e de lecture estim\u00e9e\" \/>\n\t<meta name=\"twitter:data1\" content=\"2 minutes\" \/>\n<script type=\"application\/ld+json\" class=\"yoast-schema-graph\">{\"@context\":\"https:\/\/schema.org\",\"@graph\":[{\"@type\":\"WebPage\",\"@id\":\"https:\/\/breastcancer.ca\/fr\/marche-et-discussion-bd\/\",\"url\":\"https:\/\/breastcancer.ca\/fr\/marche-et-discussion-bd\/\",\"name\":\"Marche et discussion BD - Breast Cancer Canada\",\"isPartOf\":{\"@id\":\"https:\/\/breastcancer.ca\/fr\/#website\"},\"primaryImageOfPage\":{\"@id\":\"https:\/\/breastcancer.ca\/fr\/marche-et-discussion-bd\/#primaryimage\"},\"image\":{\"@id\":\"https:\/\/breastcancer.ca\/fr\/marche-et-discussion-bd\/#primaryimage\"},\"thumbnailUrl\":\"https:\/\/breastcancer.ca\/wp-content\/uploads\/2025\/09\/BD-Canada-Header.jpg\",\"datePublished\":\"2025-09-17T16:18:06+00:00\",\"dateModified\":\"2025-10-09T00:20:45+00:00\",\"breadcrumb\":{\"@id\":\"https:\/\/breastcancer.ca\/fr\/marche-et-discussion-bd\/#breadcrumb\"},\"inLanguage\":\"fr-FR\",\"potentialAction\":[{\"@type\":\"ReadAction\",\"target\":[\"https:\/\/breastcancer.ca\/fr\/marche-et-discussion-bd\/\"]}]},{\"@type\":\"ImageObject\",\"inLanguage\":\"fr-FR\",\"@id\":\"https:\/\/breastcancer.ca\/fr\/marche-et-discussion-bd\/#primaryimage\",\"url\":\"https:\/\/breastcancer.ca\/wp-content\/uploads\/2025\/09\/BD-Canada-Header.jpg\",\"contentUrl\":\"https:\/\/breastcancer.ca\/wp-content\/uploads\/2025\/09\/BD-Canada-Header.jpg\"},{\"@type\":\"BreadcrumbList\",\"@id\":\"https:\/\/breastcancer.ca\/fr\/marche-et-discussion-bd\/#breadcrumb\",\"itemListElement\":[{\"@type\":\"ListItem\",\"position\":1,\"name\":\"Home\",\"item\":\"https:\/\/breastcancer.ca\/fr\/accueil\/\"},{\"@type\":\"ListItem\",\"position\":2,\"name\":\"Marche et discussion BD\"}]},{\"@type\":\"WebSite\",\"@id\":\"https:\/\/breastcancer.ca\/fr\/#website\",\"url\":\"https:\/\/breastcancer.ca\/fr\/\",\"name\":\"Breast Cancer Canada\",\"description\":\"The more we know, the sooner we can end breast cancer.\",\"publisher\":{\"@id\":\"https:\/\/breastcancer.ca\/fr\/#organization\"},\"potentialAction\":[{\"@type\":\"SearchAction\",\"target\":{\"@type\":\"EntryPoint\",\"urlTemplate\":\"https:\/\/breastcancer.ca\/fr\/?s={search_term_string}\"},\"query-input\":{\"@type\":\"PropertyValueSpecification\",\"valueRequired\":true,\"valueName\":\"search_term_string\"}}],\"inLanguage\":\"fr-FR\"},{\"@type\":\"Organization\",\"@id\":\"https:\/\/breastcancer.ca\/fr\/#organization\",\"name\":\"Breast Cancer Canada\",\"url\":\"https:\/\/breastcancer.ca\/fr\/\",\"logo\":{\"@type\":\"ImageObject\",\"inLanguage\":\"fr-FR\",\"@id\":\"https:\/\/breastcancer.ca\/fr\/#\/schema\/logo\/image\/\",\"url\":\"https:\/\/breastcancer.ca\/wp-content\/uploads\/2025\/04\/BCC_Logo_endscreen.png\",\"contentUrl\":\"https:\/\/breastcancer.ca\/wp-content\/uploads\/2025\/04\/BCC_Logo_endscreen.png\",\"width\":1456,\"height\":260,\"caption\":\"Breast Cancer Canada\"},\"image\":{\"@id\":\"https:\/\/breastcancer.ca\/fr\/#\/schema\/logo\/image\/\"}}]}<\/script>\n<!-- \/ Yoast SEO plugin. -->","yoast_head_json":{"title":"Marche et discussion BD - Breast Cancer Canada","robots":{"index":"index","follow":"follow","max-snippet":"max-snippet:-1","max-image-preview":"max-image-preview:large","max-video-preview":"max-video-preview:-1"},"canonical":"https:\/\/breastcancer.ca\/fr\/marche-et-discussion-bd\/","og_locale":"fr_FR","og_type":"article","og_title":"Marche et discussion BD - Breast Cancer Canada","og_description":"Mois de sensibilisation au cancer du sein avec BD-Canada et Cancer du sein Canada En octobre, BD-Canada est fi\u00e8re de s&rsquo;associer \u00e0 Cancer du sein Canada dans la mission de faire progresser la recherche, l&rsquo;\u00e9ducation et la d\u00e9fense des droits. Ensemble, nous pouvons am\u00e9liorer les r\u00e9sultats pour les 30 000 Canadiens qui recevront un diagnostic [&hellip;]","og_url":"https:\/\/breastcancer.ca\/fr\/marche-et-discussion-bd\/","og_site_name":"Breast Cancer Canada","article_modified_time":"2025-10-09T00:20:45+00:00","og_image":[{"width":1340,"height":671,"url":"https:\/\/breastcancer.ca\/wp-content\/uploads\/2025\/09\/BD-Canada-Header.jpg","type":"image\/jpeg"}],"twitter_card":"summary_large_image","twitter_misc":{"Dur\u00e9e de lecture estim\u00e9e":"2 minutes"},"schema":{"@context":"https:\/\/schema.org","@graph":[{"@type":"WebPage","@id":"https:\/\/breastcancer.ca\/fr\/marche-et-discussion-bd\/","url":"https:\/\/breastcancer.ca\/fr\/marche-et-discussion-bd\/","name":"Marche et discussion BD - Breast Cancer Canada","isPartOf":{"@id":"https:\/\/breastcancer.ca\/fr\/#website"},"primaryImageOfPage":{"@id":"https:\/\/breastcancer.ca\/fr\/marche-et-discussion-bd\/#primaryimage"},"image":{"@id":"https:\/\/breastcancer.ca\/fr\/marche-et-discussion-bd\/#primaryimage"},"thumbnailUrl":"https:\/\/breastcancer.ca\/wp-content\/uploads\/2025\/09\/BD-Canada-Header.jpg","datePublished":"2025-09-17T16:18:06+00:00","dateModified":"2025-10-09T00:20:45+00:00","breadcrumb":{"@id":"https:\/\/breastcancer.ca\/fr\/marche-et-discussion-bd\/#breadcrumb"},"inLanguage":"fr-FR","potentialAction":[{"@type":"ReadAction","target":["https:\/\/breastcancer.ca\/fr\/marche-et-discussion-bd\/"]}]},{"@type":"ImageObject","inLanguage":"fr-FR","@id":"https:\/\/breastcancer.ca\/fr\/marche-et-discussion-bd\/#primaryimage","url":"https:\/\/breastcancer.ca\/wp-content\/uploads\/2025\/09\/BD-Canada-Header.jpg","contentUrl":"https:\/\/breastcancer.ca\/wp-content\/uploads\/2025\/09\/BD-Canada-Header.jpg"},{"@type":"BreadcrumbList","@id":"https:\/\/breastcancer.ca\/fr\/marche-et-discussion-bd\/#breadcrumb","itemListElement":[{"@type":"ListItem","position":1,"name":"Home","item":"https:\/\/breastcancer.ca\/fr\/accueil\/"},{"@type":"ListItem","position":2,"name":"Marche et discussion BD"}]},{"@type":"WebSite","@id":"https:\/\/breastcancer.ca\/fr\/#website","url":"https:\/\/breastcancer.ca\/fr\/","name":"Breast Cancer Canada","description":"The more we know, the sooner we can end breast cancer.","publisher":{"@id":"https:\/\/breastcancer.ca\/fr\/#organization"},"potentialAction":[{"@type":"SearchAction","target":{"@type":"EntryPoint","urlTemplate":"https:\/\/breastcancer.ca\/fr\/?s={search_term_string}"},"query-input":{"@type":"PropertyValueSpecification","valueRequired":true,"valueName":"search_term_string"}}],"inLanguage":"fr-FR"},{"@type":"Organization","@id":"https:\/\/breastcancer.ca\/fr\/#organization","name":"Breast Cancer Canada","url":"https:\/\/breastcancer.ca\/fr\/","logo":{"@type":"ImageObject","inLanguage":"fr-FR","@id":"https:\/\/breastcancer.ca\/fr\/#\/schema\/logo\/image\/","url":"https:\/\/breastcancer.ca\/wp-content\/uploads\/2025\/04\/BCC_Logo_endscreen.png","contentUrl":"https:\/\/breastcancer.ca\/wp-content\/uploads\/2025\/04\/BCC_Logo_endscreen.png","width":1456,"height":260,"caption":"Breast Cancer Canada"},"image":{"@id":"https:\/\/breastcancer.ca\/fr\/#\/schema\/logo\/image\/"}}]}},"_links":{"self":[{"href":"https:\/\/breastcancer.ca\/fr\/wp-json\/wp\/v2\/pages\/15426","targetHints":{"allow":["GET"]}}],"collection":[{"href":"https:\/\/breastcancer.ca\/fr\/wp-json\/wp\/v2\/pages"}],"about":[{"href":"https:\/\/breastcancer.ca\/fr\/wp-json\/wp\/v2\/types\/page"}],"author":[{"embeddable":true,"href":"https:\/\/breastcancer.ca\/fr\/wp-json\/wp\/v2\/users\/5"}],"replies":[{"embeddable":true,"href":"https:\/\/breastcancer.ca\/fr\/wp-json\/wp\/v2\/comments?post=15426"}],"version-history":[{"count":1,"href":"https:\/\/breastcancer.ca\/fr\/wp-json\/wp\/v2\/pages\/15426\/revisions"}],"predecessor-version":[{"id":15430,"href":"https:\/\/breastcancer.ca\/fr\/wp-json\/wp\/v2\/pages\/15426\/revisions\/15430"}],"wp:attachment":[{"href":"https:\/\/breastcancer.ca\/fr\/wp-json\/wp\/v2\/media?parent=15426"}],"curies":[{"name":"wp","href":"https:\/\/api.w.org\/{rel}","templated":true}]}}