{"id":15437,"date":"2025-09-30T14:09:57","date_gmt":"2025-09-30T14:09:57","guid":{"rendered":"https:\/\/breastcancer.ca\/club-de-raquette-headwaters\/"},"modified":"2025-10-09T00:20:44","modified_gmt":"2025-10-09T00:20:44","slug":"club-de-raquette-headwaters","status":"publish","type":"page","link":"https:\/\/breastcancer.ca\/fr\/club-de-raquette-headwaters\/","title":{"rendered":"Club de raquette Headwaters"},"content":{"rendered":"\t\t<div data-elementor-type=\"wp-page\" data-elementor-id=\"15437\" class=\"elementor elementor-15437 elementor-15061\" data-elementor-post-type=\"page\">\n\t\t\t\t<div class=\"elementor-element elementor-element-c2b347a e-flex e-con-boxed e-con e-parent\" data-id=\"c2b347a\" data-element_type=\"container\" data-settings=\"{&quot;background_background&quot;:&quot;classic&quot;}\">\n\t\t\t\t\t<div class=\"e-con-inner\">\n\t\t\t\t<div class=\"elementor-element elementor-element-7e0621d elementor-widget elementor-widget-image\" data-id=\"7e0621d\" data-element_type=\"widget\" data-widget_type=\"image.default\">\n\t\t\t\t<div class=\"elementor-widget-container\">\n\t\t\t\t\t\t\t\t\t\t\t\t\t\t\t<img fetchpriority=\"high\" decoding=\"async\" width=\"800\" height=\"401\" src=\"https:\/\/breastcancer.ca\/wp-content\/uploads\/2025\/09\/Untitled-design-1-1024x513.png\" class=\"attachment-large size-large wp-image-15440\" alt=\"\" srcset=\"https:\/\/breastcancer.ca\/wp-content\/uploads\/2025\/09\/Untitled-design-1-1024x513.png 1024w, https:\/\/breastcancer.ca\/wp-content\/uploads\/2025\/09\/Untitled-design-1-300x150.png 300w, https:\/\/breastcancer.ca\/wp-content\/uploads\/2025\/09\/Untitled-design-1-768x385.png 768w, https:\/\/breastcancer.ca\/wp-content\/uploads\/2025\/09\/Untitled-design-1.png 1340w\" sizes=\"(max-width: 800px) 100vw, 800px\" \/>\t\t\t\t\t\t\t\t\t\t\t\t\t\t\t<\/div>\n\t\t\t\t<\/div>\n\t\t\t\t\t<\/div>\n\t\t\t\t<\/div>\n\t\t<div class=\"elementor-element elementor-element-54eaeef e-flex e-con-boxed e-con e-parent\" data-id=\"54eaeef\" data-element_type=\"container\" data-settings=\"{&quot;background_background&quot;:&quot;classic&quot;}\">\n\t\t\t\t\t<div class=\"e-con-inner\">\n\t\t\t\t\t<\/div>\n\t\t\t\t<\/div>\n\t\t<div class=\"elementor-element elementor-element-6bf4eda e-flex e-con-boxed e-con e-parent\" data-id=\"6bf4eda\" data-element_type=\"container\">\n\t\t\t\t\t<div class=\"e-con-inner\">\n\t\t\t\t<div class=\"elementor-element elementor-element-f9eda2a elementor-arrows-position-inside elementor-pagination-position-outside elementor-widget elementor-widget-image-carousel\" data-id=\"f9eda2a\" data-element_type=\"widget\" data-settings=\"{&quot;slides_to_show&quot;:&quot;3&quot;,&quot;navigation&quot;:&quot;both&quot;,&quot;autoplay&quot;:&quot;yes&quot;,&quot;pause_on_hover&quot;:&quot;yes&quot;,&quot;pause_on_interaction&quot;:&quot;yes&quot;,&quot;autoplay_speed&quot;:5000,&quot;infinite&quot;:&quot;yes&quot;,&quot;speed&quot;:500}\" data-widget_type=\"image-carousel.default\">\n\t\t\t\t<div class=\"elementor-widget-container\">\n\t\t\t\t\t\t\t<div class=\"elementor-image-carousel-wrapper swiper\" role=\"region\" aria-roledescription=\"carousel\" aria-label=\"Image Carousel\" dir=\"ltr\">\n\t\t\t<div class=\"elementor-image-carousel swiper-wrapper\" aria-live=\"off\">\n\t\t\t\t\t\t\t\t<div class=\"swiper-slide\" role=\"group\" aria-roledescription=\"slide\" aria-label=\"1 sur 5\"><figure class=\"swiper-slide-inner\"><img decoding=\"async\" class=\"swiper-slide-image\" src=\"https:\/\/breastcancer.ca\/wp-content\/uploads\/2025\/09\/1-1-1024x1024.png\" alt=\"1\" \/><\/figure><\/div><div class=\"swiper-slide\" role=\"group\" aria-roledescription=\"slide\" aria-label=\"2 sur 5\"><figure class=\"swiper-slide-inner\"><img decoding=\"async\" class=\"swiper-slide-image\" src=\"https:\/\/breastcancer.ca\/wp-content\/uploads\/2025\/09\/2-1-1024x1024.png\" alt=\"2\" \/><\/figure><\/div><div class=\"swiper-slide\" role=\"group\" aria-roledescription=\"slide\" aria-label=\"3 sur 5\"><figure class=\"swiper-slide-inner\"><img decoding=\"async\" class=\"swiper-slide-image\" src=\"https:\/\/breastcancer.ca\/wp-content\/uploads\/2025\/09\/3-1-1024x1024.png\" alt=\"3\" \/><\/figure><\/div><div class=\"swiper-slide\" role=\"group\" aria-roledescription=\"slide\" aria-label=\"4 sur 5\"><figure class=\"swiper-slide-inner\"><img decoding=\"async\" class=\"swiper-slide-image\" src=\"https:\/\/breastcancer.ca\/wp-content\/uploads\/2025\/09\/4-1024x1024.png\" alt=\"4\" \/><\/figure><\/div><div class=\"swiper-slide\" role=\"group\" aria-roledescription=\"slide\" aria-label=\"5 sur 5\"><figure class=\"swiper-slide-inner\"><img decoding=\"async\" class=\"swiper-slide-image\" src=\"https:\/\/breastcancer.ca\/wp-content\/uploads\/2025\/09\/5-1024x1024.png\" alt=\"5\" \/><\/figure><\/div>\t\t\t<\/div>\n\t\t\t\t\t\t\t\t\t\t\t\t<div class=\"elementor-swiper-button elementor-swiper-button-prev\" role=\"button\" tabindex=\"0\">\n\t\t\t\t\t\t<svg aria-hidden=\"true\" class=\"e-font-icon-svg e-eicon-chevron-left\" viewBox=\"0 0 1000 1000\" xmlns=\"http:\/\/www.w3.org\/2000\/svg\"><path d=\"M646 125C629 125 613 133 604 142L308 442C296 454 292 471 292 487 292 504 296 521 308 533L604 854C617 867 629 875 646 875 663 875 679 871 692 858 704 846 713 829 713 812 713 796 708 779 692 767L438 487 692 225C700 217 708 204 708 187 708 171 704 154 692 142 675 129 663 125 646 125Z\"><\/path><\/svg>\t\t\t\t\t<\/div>\n\t\t\t\t\t<div class=\"elementor-swiper-button elementor-swiper-button-next\" role=\"button\" tabindex=\"0\">\n\t\t\t\t\t\t<svg aria-hidden=\"true\" class=\"e-font-icon-svg e-eicon-chevron-right\" viewBox=\"0 0 1000 1000\" xmlns=\"http:\/\/www.w3.org\/2000\/svg\"><path d=\"M696 533C708 521 713 504 713 487 713 471 708 454 696 446L400 146C388 133 375 125 354 125 338 125 325 129 313 142 300 154 292 171 292 187 292 204 296 221 308 233L563 492 304 771C292 783 288 800 288 817 288 833 296 850 308 863 321 871 338 875 354 875 371 875 388 867 400 854L696 533Z\"><\/path><\/svg>\t\t\t\t\t<\/div>\n\t\t\t\t\n\t\t\t\t\t\t\t\t\t<div class=\"swiper-pagination\"><\/div>\n\t\t\t\t\t\t\t\t\t<\/div>\n\t\t\t\t\t\t<\/div>\n\t\t\t\t<\/div>\n\t\t\t\t\t<\/div>\n\t\t\t\t<\/div>\n\t\t<div class=\"elementor-element elementor-element-7b1b6bf e-flex e-con-boxed e-con e-parent\" data-id=\"7b1b6bf\" data-element_type=\"container\" data-settings=\"{&quot;background_background&quot;:&quot;classic&quot;}\">\n\t\t\t\t\t<div class=\"e-con-inner\">\n\t\t<div class=\"elementor-element elementor-element-bc62a92 e-con-full e-flex e-con e-child\" data-id=\"bc62a92\" data-element_type=\"container\">\n\t\t\t\t<div class=\"elementor-element elementor-element-efb5a4f elementor-widget elementor-widget-spacer\" data-id=\"efb5a4f\" data-element_type=\"widget\" data-widget_type=\"spacer.default\">\n\t\t\t\t<div class=\"elementor-widget-container\">\n\t\t\t\t\t\t\t<div class=\"elementor-spacer\">\n\t\t\t<div class=\"elementor-spacer-inner\"><\/div>\n\t\t<\/div>\n\t\t\t\t\t\t<\/div>\n\t\t\t\t<\/div>\n\t\t\t\t<div class=\"elementor-element elementor-element-6a2c5ef elementor-widget elementor-widget-text-editor\" data-id=\"6a2c5ef\" data-element_type=\"widget\" data-widget_type=\"text-editor.default\">\n\t\t\t\t<div class=\"elementor-widget-container\">\n\t\t\t\t\t\t\t\t\t<p><strong>Mois de sensibilisation au cancer du sein avec le club de conditionnement physique et de raquette Headwaters et Cancer du Sein Canada<\/strong><\/p><p>En octobre, le club de raquette Headwaters est heureux de soutenir Cancer du Sein Canada dans sa mission de faire progresser la recherche, l\u2019\u00e9ducation et la d\u00e9fense des droits. Ensemble, nous pouvons am\u00e9liorer les r\u00e9sultats pour les 30\u202f000 Canadiens qui recevront un diagnostic de cancer du sein cette ann\u00e9e. <\/p><p>Ensemble, nous sensibilisons et finan\u00e7ons la recherche novatrice ax\u00e9e sur le patient qui favorise la d\u00e9tection pr\u00e9coce, des traitements plus efficaces et une meilleure qualit\u00e9 de vie.<\/p><p><strong>Notre 3e&nbsp;rang annuel de marathon en \u00e9quipe aura lieu le samedi 18&nbsp;octobre. Des \u00e9quipes d\u2019au moins 4&nbsp;personnes se relaieront pour ramer un marathon complet (42\u202f195&nbsp;m). <\/strong><\/p><p>Si vous souhaitez vous inscrire \u00e0 l\u2019\u00e9v\u00e9nement, veuillez contacter la r\u00e9ception!<\/p><p>Joignez-vous \u00e0 nous en contribuant d\u00e8s aujourd\u2019hui! Votre soutien aidera \u00e0 acc\u00e9l\u00e9rer les progr\u00e8s pour les personnes touch\u00e9es par le cancer du sein partout au pays. <\/p><p>**re\u00e7us fiscaux envoy\u00e9s par courriel par Cancer du Sein Canada pour les dons de 20&nbsp;$ ou plus.<\/p>\t\t\t\t\t\t\t\t<\/div>\n\t\t\t\t<\/div>\n\t\t<div class=\"elementor-element elementor-element-d9ce16c e-con-full e-flex e-con e-child\" data-id=\"d9ce16c\" data-element_type=\"container\" data-settings=\"{&quot;background_background&quot;:&quot;classic&quot;}\">\n\t\t\t\t<div class=\"elementor-element elementor-element-9eac8c4 elementor-widget elementor-widget-heading\" data-id=\"9eac8c4\" data-element_type=\"widget\" data-widget_type=\"heading.default\">\n\t\t\t\t<div class=\"elementor-widget-container\">\n\t\t\t\t\t<h6 class=\"elementor-heading-title elementor-size-default\">Montant total amass\u00e9<\/h6>\t\t\t\t<\/div>\n\t\t\t\t<\/div>\n\t\t\t\t<div class=\"elementor-element elementor-element-037aeb6 elementor-widget elementor-widget-html\" data-id=\"037aeb6\" data-element_type=\"widget\" data-widget_type=\"html.default\">\n\t\t\t\t<div class=\"elementor-widget-container\">\n\t\t\t\t\t<a href=\"#XMKULLQC\" style=\"display: none\"><\/a>\t\t\t\t<\/div>\n\t\t\t\t<\/div>\n\t\t\t\t<\/div>\n\t\t\t\t<div class=\"elementor-element elementor-element-6167222 elementor-widget elementor-widget-text-editor\" data-id=\"6167222\" data-element_type=\"widget\" data-widget_type=\"text-editor.default\">\n\t\t\t\t<div class=\"elementor-widget-container\">\n\t\t\t\t\t\t\t\t\t<p>Selon l\u2019Organisation mondiale de la sant\u00e9, le cancer du sein est le cancer le plus souvent diagnostiqu\u00e9 dans le monde. Au Canada, 1&nbsp;femme sur 8 sera confront\u00e9e \u00e0 un diagnostic au cours de sa vie. <\/p><p>Mais le cancer du sein n&rsquo;est pas une seule maladie \u2014 il en existe plus de 50 types, chacun avec ses d\u00e9fis et ses complexit\u00e9s uniques. C&rsquo;est pourquoi la recherche est plus importante que jamais. <\/p><p><span style=\"text-decoration: underline;\"><strong>\u00c0 propos de Cancer du sein Canada<\/strong><\/span><\/p><p>Cancer du Sein Canada est un organisme de bienfaisance national qui se consacre \u00e0 sauver des vies gr\u00e2ce \u00e0 la recherche sur le cancer du sein. Ax\u00e9e sur l\u2019oncologie de pr\u00e9cision (soins personnalis\u00e9s), il s\u2019agit du seul organisme national de lutte contre le cancer du sein au Canada qui a un mandat clair de recueillir des fonds pour la recherche, de d\u00e9fendre les progr\u00e8s de nouvelles donn\u00e9es de recherche et de sensibiliser les gens \u00e0 ces progr\u00e8s. <\/p><p>Chaque jour, les chercheurs travaillent dur pour faire progresser notre compr\u00e9hension de cette maladie. Pour la d\u00e9tecter plus t\u00f4t et mieux la traiter. Nous savons que la recherche donnera des r\u00e9sultats. Et avec votre soutien pour collecter plus de fonds, un avenir sans cancer du sein est possible.   <\/p>\t\t\t\t\t\t\t\t<\/div>\n\t\t\t\t<\/div>\n\t\t\t\t<div class=\"elementor-element elementor-element-aa68fd9 elementor-widget__width-initial elementor-widget elementor-widget-image\" data-id=\"aa68fd9\" data-element_type=\"widget\" data-widget_type=\"image.default\">\n\t\t\t\t<div class=\"elementor-widget-container\">\n\t\t\t\t\t\t\t\t\t\t\t\t\t\t\t<img decoding=\"async\" width=\"800\" height=\"773\" src=\"https:\/\/breastcancer.ca\/wp-content\/uploads\/2025\/06\/Commitment-1024x989.webp\" class=\"attachment-large size-large wp-image-15196\" alt=\"\" srcset=\"https:\/\/breastcancer.ca\/wp-content\/uploads\/2025\/06\/Commitment-1024x989.webp 1024w, https:\/\/breastcancer.ca\/wp-content\/uploads\/2025\/06\/Commitment-300x290.webp 300w, https:\/\/breastcancer.ca\/wp-content\/uploads\/2025\/06\/Commitment-768x742.webp 768w, https:\/\/breastcancer.ca\/wp-content\/uploads\/2025\/06\/Commitment.webp 1220w\" sizes=\"(max-width: 800px) 100vw, 800px\" \/>\t\t\t\t\t\t\t\t\t\t\t\t\t\t\t<\/div>\n\t\t\t\t<\/div>\n\t\t\t\t<\/div>\n\t\t<div class=\"elementor-element elementor-element-216757c e-con-full e-flex e-con e-child\" data-id=\"216757c\" data-element_type=\"container\">\n\t\t\t\t<div class=\"elementor-element elementor-element-e4ae2e9 elementor-widget elementor-widget-html\" data-id=\"e4ae2e9\" data-element_type=\"widget\" data-widget_type=\"html.default\">\n\t\t\t\t<div class=\"elementor-widget-container\">\n\t\t\t\t\t<a href=\"#XTELCXGZ\" style=\"display: none\"><\/a>\t\t\t\t<\/div>\n\t\t\t\t<\/div>\n\t\t\t\t<div class=\"elementor-element elementor-element-946e4d5 elementor-widget elementor-widget-html\" data-id=\"946e4d5\" data-element_type=\"widget\" data-widget_type=\"html.default\">\n\t\t\t\t<div class=\"elementor-widget-container\">\n\t\t\t\t\t<a href=\"#XYTFDTER\" style=\"display: none\"><\/a>\t\t\t\t<\/div>\n\t\t\t\t<\/div>\n\t\t\t\t<div class=\"elementor-element elementor-element-e2e16e7 elementor-widget elementor-widget-html\" data-id=\"e2e16e7\" data-element_type=\"widget\" data-widget_type=\"html.default\">\n\t\t\t\t<div class=\"elementor-widget-container\">\n\t\t\t\t\t<a href=\"#XVDQFVNH\" style=\"display: none\"><\/a>\t\t\t\t<\/div>\n\t\t\t\t<\/div>\n\t\t\t\t<\/div>\n\t\t\t\t\t<\/div>\n\t\t\t\t<\/div>\n\t\t\t\t<\/div>\n\t\t","protected":false},"excerpt":{"rendered":"<p>Mois de sensibilisation au cancer du sein avec le club de conditionnement physique et de raquette Headwaters et Cancer du Sein Canada En octobre, le club de raquette Headwaters est heureux de soutenir Cancer du Sein Canada dans sa mission de faire progresser la recherche, l\u2019\u00e9ducation et la d\u00e9fense des droits. Ensemble, nous pouvons am\u00e9liorer [&hellip;]<\/p>\n","protected":false},"author":5,"featured_media":0,"parent":0,"menu_order":0,"comment_status":"closed","ping_status":"closed","template":"","meta":{"_acf_changed":false,"footnotes":""},"class_list":["post-15437","page","type-page","status-publish","hentry"],"acf":[],"yoast_head":"<!-- This site is optimized with the Yoast SEO plugin v26.5 - https:\/\/yoast.com\/wordpress\/plugins\/seo\/ -->\n<title>Club de raquette Headwaters - Breast Cancer Canada<\/title>\n<meta name=\"robots\" content=\"index, follow, max-snippet:-1, max-image-preview:large, max-video-preview:-1\" \/>\n<link rel=\"canonical\" href=\"https:\/\/breastcancer.ca\/fr\/club-de-raquette-headwaters\/\" \/>\n<meta property=\"og:locale\" content=\"fr_FR\" \/>\n<meta property=\"og:type\" content=\"article\" \/>\n<meta property=\"og:title\" content=\"Club de raquette Headwaters - Breast Cancer Canada\" \/>\n<meta property=\"og:description\" content=\"Mois de sensibilisation au cancer du sein avec le club de conditionnement physique et de raquette Headwaters et Cancer du Sein Canada En octobre, le club de raquette Headwaters est heureux de soutenir Cancer du Sein Canada dans sa mission de faire progresser la recherche, l\u2019\u00e9ducation et la d\u00e9fense des droits. Ensemble, nous pouvons am\u00e9liorer [&hellip;]\" \/>\n<meta property=\"og:url\" content=\"https:\/\/breastcancer.ca\/fr\/club-de-raquette-headwaters\/\" \/>\n<meta property=\"og:site_name\" content=\"Breast Cancer Canada\" \/>\n<meta property=\"article:modified_time\" content=\"2025-10-09T00:20:44+00:00\" \/>\n<meta property=\"og:image\" content=\"https:\/\/breastcancer.ca\/wp-content\/uploads\/2025\/09\/Untitled-design-1.png\" \/>\n\t<meta property=\"og:image:width\" content=\"1340\" \/>\n\t<meta property=\"og:image:height\" content=\"671\" \/>\n\t<meta property=\"og:image:type\" content=\"image\/png\" \/>\n<meta name=\"twitter:card\" content=\"summary_large_image\" \/>\n<meta name=\"twitter:label1\" content=\"Dur\u00e9e de lecture estim\u00e9e\" \/>\n\t<meta name=\"twitter:data1\" content=\"2 minutes\" \/>\n<script type=\"application\/ld+json\" class=\"yoast-schema-graph\">{\"@context\":\"https:\/\/schema.org\",\"@graph\":[{\"@type\":\"WebPage\",\"@id\":\"https:\/\/breastcancer.ca\/fr\/club-de-raquette-headwaters\/\",\"url\":\"https:\/\/breastcancer.ca\/fr\/club-de-raquette-headwaters\/\",\"name\":\"Club de raquette Headwaters - Breast Cancer Canada\",\"isPartOf\":{\"@id\":\"https:\/\/breastcancer.ca\/fr\/#website\"},\"primaryImageOfPage\":{\"@id\":\"https:\/\/breastcancer.ca\/fr\/club-de-raquette-headwaters\/#primaryimage\"},\"image\":{\"@id\":\"https:\/\/breastcancer.ca\/fr\/club-de-raquette-headwaters\/#primaryimage\"},\"thumbnailUrl\":\"https:\/\/breastcancer.ca\/wp-content\/uploads\/2025\/09\/Untitled-design-1-1024x513.png\",\"datePublished\":\"2025-09-30T14:09:57+00:00\",\"dateModified\":\"2025-10-09T00:20:44+00:00\",\"breadcrumb\":{\"@id\":\"https:\/\/breastcancer.ca\/fr\/club-de-raquette-headwaters\/#breadcrumb\"},\"inLanguage\":\"fr-FR\",\"potentialAction\":[{\"@type\":\"ReadAction\",\"target\":[\"https:\/\/breastcancer.ca\/fr\/club-de-raquette-headwaters\/\"]}]},{\"@type\":\"ImageObject\",\"inLanguage\":\"fr-FR\",\"@id\":\"https:\/\/breastcancer.ca\/fr\/club-de-raquette-headwaters\/#primaryimage\",\"url\":\"https:\/\/breastcancer.ca\/wp-content\/uploads\/2025\/09\/Untitled-design-1-1024x513.png\",\"contentUrl\":\"https:\/\/breastcancer.ca\/wp-content\/uploads\/2025\/09\/Untitled-design-1-1024x513.png\"},{\"@type\":\"BreadcrumbList\",\"@id\":\"https:\/\/breastcancer.ca\/fr\/club-de-raquette-headwaters\/#breadcrumb\",\"itemListElement\":[{\"@type\":\"ListItem\",\"position\":1,\"name\":\"Home\",\"item\":\"https:\/\/breastcancer.ca\/fr\/accueil\/\"},{\"@type\":\"ListItem\",\"position\":2,\"name\":\"Club de raquette Headwaters\"}]},{\"@type\":\"WebSite\",\"@id\":\"https:\/\/breastcancer.ca\/fr\/#website\",\"url\":\"https:\/\/breastcancer.ca\/fr\/\",\"name\":\"Breast Cancer Canada\",\"description\":\"The more we know, the sooner we can end breast cancer.\",\"publisher\":{\"@id\":\"https:\/\/breastcancer.ca\/fr\/#organization\"},\"potentialAction\":[{\"@type\":\"SearchAction\",\"target\":{\"@type\":\"EntryPoint\",\"urlTemplate\":\"https:\/\/breastcancer.ca\/fr\/?s={search_term_string}\"},\"query-input\":{\"@type\":\"PropertyValueSpecification\",\"valueRequired\":true,\"valueName\":\"search_term_string\"}}],\"inLanguage\":\"fr-FR\"},{\"@type\":\"Organization\",\"@id\":\"https:\/\/breastcancer.ca\/fr\/#organization\",\"name\":\"Breast Cancer Canada\",\"url\":\"https:\/\/breastcancer.ca\/fr\/\",\"logo\":{\"@type\":\"ImageObject\",\"inLanguage\":\"fr-FR\",\"@id\":\"https:\/\/breastcancer.ca\/fr\/#\/schema\/logo\/image\/\",\"url\":\"https:\/\/breastcancer.ca\/wp-content\/uploads\/2025\/04\/BCC_Logo_endscreen.png\",\"contentUrl\":\"https:\/\/breastcancer.ca\/wp-content\/uploads\/2025\/04\/BCC_Logo_endscreen.png\",\"width\":1456,\"height\":260,\"caption\":\"Breast Cancer Canada\"},\"image\":{\"@id\":\"https:\/\/breastcancer.ca\/fr\/#\/schema\/logo\/image\/\"}}]}<\/script>\n<!-- \/ Yoast SEO plugin. -->","yoast_head_json":{"title":"Club de raquette Headwaters - Breast Cancer Canada","robots":{"index":"index","follow":"follow","max-snippet":"max-snippet:-1","max-image-preview":"max-image-preview:large","max-video-preview":"max-video-preview:-1"},"canonical":"https:\/\/breastcancer.ca\/fr\/club-de-raquette-headwaters\/","og_locale":"fr_FR","og_type":"article","og_title":"Club de raquette Headwaters - Breast Cancer Canada","og_description":"Mois de sensibilisation au cancer du sein avec le club de conditionnement physique et de raquette Headwaters et Cancer du Sein Canada En octobre, le club de raquette Headwaters est heureux de soutenir Cancer du Sein Canada dans sa mission de faire progresser la recherche, l\u2019\u00e9ducation et la d\u00e9fense des droits. Ensemble, nous pouvons am\u00e9liorer [&hellip;]","og_url":"https:\/\/breastcancer.ca\/fr\/club-de-raquette-headwaters\/","og_site_name":"Breast Cancer Canada","article_modified_time":"2025-10-09T00:20:44+00:00","og_image":[{"width":1340,"height":671,"url":"https:\/\/breastcancer.ca\/wp-content\/uploads\/2025\/09\/Untitled-design-1.png","type":"image\/png"}],"twitter_card":"summary_large_image","twitter_misc":{"Dur\u00e9e de lecture estim\u00e9e":"2 minutes"},"schema":{"@context":"https:\/\/schema.org","@graph":[{"@type":"WebPage","@id":"https:\/\/breastcancer.ca\/fr\/club-de-raquette-headwaters\/","url":"https:\/\/breastcancer.ca\/fr\/club-de-raquette-headwaters\/","name":"Club de raquette Headwaters - Breast Cancer Canada","isPartOf":{"@id":"https:\/\/breastcancer.ca\/fr\/#website"},"primaryImageOfPage":{"@id":"https:\/\/breastcancer.ca\/fr\/club-de-raquette-headwaters\/#primaryimage"},"image":{"@id":"https:\/\/breastcancer.ca\/fr\/club-de-raquette-headwaters\/#primaryimage"},"thumbnailUrl":"https:\/\/breastcancer.ca\/wp-content\/uploads\/2025\/09\/Untitled-design-1-1024x513.png","datePublished":"2025-09-30T14:09:57+00:00","dateModified":"2025-10-09T00:20:44+00:00","breadcrumb":{"@id":"https:\/\/breastcancer.ca\/fr\/club-de-raquette-headwaters\/#breadcrumb"},"inLanguage":"fr-FR","potentialAction":[{"@type":"ReadAction","target":["https:\/\/breastcancer.ca\/fr\/club-de-raquette-headwaters\/"]}]},{"@type":"ImageObject","inLanguage":"fr-FR","@id":"https:\/\/breastcancer.ca\/fr\/club-de-raquette-headwaters\/#primaryimage","url":"https:\/\/breastcancer.ca\/wp-content\/uploads\/2025\/09\/Untitled-design-1-1024x513.png","contentUrl":"https:\/\/breastcancer.ca\/wp-content\/uploads\/2025\/09\/Untitled-design-1-1024x513.png"},{"@type":"BreadcrumbList","@id":"https:\/\/breastcancer.ca\/fr\/club-de-raquette-headwaters\/#breadcrumb","itemListElement":[{"@type":"ListItem","position":1,"name":"Home","item":"https:\/\/breastcancer.ca\/fr\/accueil\/"},{"@type":"ListItem","position":2,"name":"Club de raquette Headwaters"}]},{"@type":"WebSite","@id":"https:\/\/breastcancer.ca\/fr\/#website","url":"https:\/\/breastcancer.ca\/fr\/","name":"Breast Cancer Canada","description":"The more we know, the sooner we can end breast cancer.","publisher":{"@id":"https:\/\/breastcancer.ca\/fr\/#organization"},"potentialAction":[{"@type":"SearchAction","target":{"@type":"EntryPoint","urlTemplate":"https:\/\/breastcancer.ca\/fr\/?s={search_term_string}"},"query-input":{"@type":"PropertyValueSpecification","valueRequired":true,"valueName":"search_term_string"}}],"inLanguage":"fr-FR"},{"@type":"Organization","@id":"https:\/\/breastcancer.ca\/fr\/#organization","name":"Breast Cancer Canada","url":"https:\/\/breastcancer.ca\/fr\/","logo":{"@type":"ImageObject","inLanguage":"fr-FR","@id":"https:\/\/breastcancer.ca\/fr\/#\/schema\/logo\/image\/","url":"https:\/\/breastcancer.ca\/wp-content\/uploads\/2025\/04\/BCC_Logo_endscreen.png","contentUrl":"https:\/\/breastcancer.ca\/wp-content\/uploads\/2025\/04\/BCC_Logo_endscreen.png","width":1456,"height":260,"caption":"Breast Cancer Canada"},"image":{"@id":"https:\/\/breastcancer.ca\/fr\/#\/schema\/logo\/image\/"}}]}},"_links":{"self":[{"href":"https:\/\/breastcancer.ca\/fr\/wp-json\/wp\/v2\/pages\/15437","targetHints":{"allow":["GET"]}}],"collection":[{"href":"https:\/\/breastcancer.ca\/fr\/wp-json\/wp\/v2\/pages"}],"about":[{"href":"https:\/\/breastcancer.ca\/fr\/wp-json\/wp\/v2\/types\/page"}],"author":[{"embeddable":true,"href":"https:\/\/breastcancer.ca\/fr\/wp-json\/wp\/v2\/users\/5"}],"replies":[{"embeddable":true,"href":"https:\/\/breastcancer.ca\/fr\/wp-json\/wp\/v2\/comments?post=15437"}],"version-history":[{"count":1,"href":"https:\/\/breastcancer.ca\/fr\/wp-json\/wp\/v2\/pages\/15437\/revisions"}],"predecessor-version":[{"id":15447,"href":"https:\/\/breastcancer.ca\/fr\/wp-json\/wp\/v2\/pages\/15437\/revisions\/15447"}],"wp:attachment":[{"href":"https:\/\/breastcancer.ca\/fr\/wp-json\/wp\/v2\/media?parent=15437"}],"curies":[{"name":"wp","href":"https:\/\/api.w.org\/{rel}","templated":true}]}}