{"id":15475,"date":"2025-06-26T03:38:42","date_gmt":"2025-06-26T03:38:42","guid":{"rendered":"https:\/\/breastcancer.ca\/megabike\/"},"modified":"2025-10-09T00:20:49","modified_gmt":"2025-10-09T00:20:49","slug":"megabike","status":"publish","type":"page","link":"https:\/\/breastcancer.ca\/fr\/megabike\/","title":{"rendered":"MEGABike"},"content":{"rendered":"\t\t<div data-elementor-type=\"wp-page\" data-elementor-id=\"15475\" class=\"elementor elementor-15475 elementor-13411\" data-elementor-post-type=\"page\">\n\t\t\t\t<div class=\"elementor-element elementor-element-c8ac241 e-flex e-con-boxed e-con e-parent\" data-id=\"c8ac241\" data-element_type=\"container\" data-settings=\"{&quot;background_background&quot;:&quot;classic&quot;}\">\n\t\t\t\t\t<div class=\"e-con-inner\">\n\t\t\t\t\t<\/div>\n\t\t\t\t<\/div>\n\t\t<div class=\"elementor-element elementor-element-f0eaf81 e-flex e-con-boxed e-con e-parent\" data-id=\"f0eaf81\" data-element_type=\"container\" data-settings=\"{&quot;background_background&quot;:&quot;classic&quot;}\">\n\t\t\t\t\t<div class=\"e-con-inner\">\n\t\t\t\t<div class=\"elementor-element elementor-element-8508d42 elementor-icon-list--layout-inline elementor-align-left elementor-list-item-link-full_width elementor-widget elementor-widget-icon-list\" data-id=\"8508d42\" data-element_type=\"widget\" data-widget_type=\"icon-list.default\">\n\t\t\t\t<div class=\"elementor-widget-container\">\n\t\t\t\t\t\t\t<ul class=\"elementor-icon-list-items elementor-inline-items\">\n\t\t\t\t\t\t\t<li class=\"elementor-icon-list-item elementor-inline-item\">\n\t\t\t\t\t\t\t\t\t\t\t<a href=\"https:\/\/breastcancer.ca\/megabike-location\/\">\n\n\t\t\t\t\t\t\t\t\t\t\t<span class=\"elementor-icon-list-text\">Emplacements<\/span>\n\t\t\t\t\t\t\t\t\t\t\t<\/a>\n\t\t\t\t\t\t\t\t\t<\/li>\n\t\t\t\t\t\t\t\t<li class=\"elementor-icon-list-item elementor-inline-item\">\n\t\t\t\t\t\t\t\t\t\t\t<a href=\"https:\/\/megabikecanada.com\/donate\/\">\n\n\t\t\t\t\t\t\t\t\t\t\t\t<span class=\"elementor-icon-list-icon\">\n\t\t\t\t\t\t\t<svg aria-hidden=\"true\" class=\"e-font-icon-svg e-fas-check\" viewBox=\"0 0 512 512\" xmlns=\"http:\/\/www.w3.org\/2000\/svg\"><path d=\"M173.898 439.404l-166.4-166.4c-9.997-9.997-9.997-26.206 0-36.204l36.203-36.204c9.997-9.998 26.207-9.998 36.204 0L192 312.69 432.095 72.596c9.997-9.997 26.207-9.997 36.204 0l36.203 36.204c9.997 9.997 9.997 26.206 0 36.204l-294.4 294.401c-9.998 9.997-26.207 9.997-36.204-.001z\"><\/path><\/svg>\t\t\t\t\t\t<\/span>\n\t\t\t\t\t\t\t\t\t\t<span class=\"elementor-icon-list-text\">Faire un don \u00e0 une \u00e9quipe<\/span>\n\t\t\t\t\t\t\t\t\t\t\t<\/a>\n\t\t\t\t\t\t\t\t\t<\/li>\n\t\t\t\t\t\t\t\t<li class=\"elementor-icon-list-item elementor-inline-item\">\n\t\t\t\t\t\t\t\t\t\t\t<a href=\"https:\/\/megabikecanada.com\/get-involved\/\">\n\n\t\t\t\t\t\t\t\t\t\t\t<span class=\"elementor-icon-list-text\">S'impliquer<\/span>\n\t\t\t\t\t\t\t\t\t\t\t<\/a>\n\t\t\t\t\t\t\t\t\t<\/li>\n\t\t\t\t\t\t\t\t<li class=\"elementor-icon-list-item elementor-inline-item\">\n\t\t\t\t\t\t\t\t\t\t\t<a href=\"https:\/\/megabikecanada.com\/register\/\">\n\n\t\t\t\t\t\t\t\t\t\t\t<span class=\"elementor-icon-list-text\">S'inscrire<\/span>\n\t\t\t\t\t\t\t\t\t\t\t<\/a>\n\t\t\t\t\t\t\t\t\t<\/li>\n\t\t\t\t\t\t<\/ul>\n\t\t\t\t\t\t<\/div>\n\t\t\t\t<\/div>\n\t\t\t\t\t<\/div>\n\t\t\t\t<\/div>\n\t\t<div class=\"elementor-element elementor-element-ca6e7f7 e-flex e-con-boxed e-con e-parent\" data-id=\"ca6e7f7\" data-element_type=\"container\">\n\t\t\t\t\t<div class=\"e-con-inner\">\n\t\t<div class=\"elementor-element elementor-element-27fc3a6 e-con-full e-flex e-con e-child\" data-id=\"27fc3a6\" data-element_type=\"container\">\n\t\t<div class=\"elementor-element elementor-element-bb7f942 e-con-full e-flex e-con e-child\" data-id=\"bb7f942\" data-element_type=\"container\">\n\t\t\t\t<div class=\"elementor-element elementor-element-3b8c759 elementor-widget__width-initial elementor-widget-mobile__width-inherit elementor-widget-tablet__width-inherit elementor-widget elementor-widget-heading\" data-id=\"3b8c759\" data-element_type=\"widget\" data-widget_type=\"heading.default\">\n\t\t\t\t<div class=\"elementor-widget-container\">\n\t\t\t\t\t<h1 class=\"elementor-heading-title elementor-size-default\">MEGABike de Cancer du sein Canada<\/h1>\t\t\t\t<\/div>\n\t\t\t\t<\/div>\n\t\t\t\t<div class=\"elementor-element elementor-element-30a59d9 elementor-widget elementor-widget-text-editor\" data-id=\"30a59d9\" data-element_type=\"widget\" data-widget_type=\"text-editor.default\">\n\t\t\t\t<div class=\"elementor-widget-container\">\n\t\t\t\t\t\t\t\t\t<p>Le MEGABike de Cancer du sein Canada arrive dans votre ville, et nous vous invitons \u00e0 p\u00e9daler avec nous. C&rsquo;est plus qu&rsquo;un simple v\u00e9lo&#8230; c&rsquo;est un mouvement propuls\u00e9 par une \u00e9quipe de 29 personnes qui soutient la recherche essentielle sur le cancer du sein. <\/p><p>Chaque dollar r\u00e9colt\u00e9 gr\u00e2ce \u00e0 MEGABike soutient notre mission de financement des recherches les plus prometteuses sur le cancer du sein \u00e0 travers le Canada. Participez au progr\u00e8s. <\/p>\t\t\t\t\t\t\t\t<\/div>\n\t\t\t\t<\/div>\n\t\t\t\t<div class=\"elementor-element elementor-element-2f32871 elementor-widget elementor-widget-button\" data-id=\"2f32871\" data-element_type=\"widget\" data-widget_type=\"button.default\">\n\t\t\t\t<div class=\"elementor-widget-container\">\n\t\t\t\t\t\t\t\t\t<div class=\"elementor-button-wrapper\">\n\t\t\t\t\t<a class=\"elementor-button elementor-button-link elementor-size-sm\" href=\"https:\/\/breastcancer.ca\/megabike-location\/\">\n\t\t\t\t\t\t<span class=\"elementor-button-content-wrapper\">\n\t\t\t\t\t\t\t\t\t<span class=\"elementor-button-text\">Voir les emplacements<\/span>\n\t\t\t\t\t<\/span>\n\t\t\t\t\t<\/a>\n\t\t\t\t<\/div>\n\t\t\t\t\t\t\t\t<\/div>\n\t\t\t\t<\/div>\n\t\t\t\t<div class=\"elementor-element elementor-element-f792087 elementor-widget elementor-widget-video\" data-id=\"f792087\" data-element_type=\"widget\" data-settings=\"{&quot;video_type&quot;:&quot;vimeo&quot;}\" data-widget_type=\"video.default\">\n\t\t\t\t<div class=\"elementor-widget-container\">\n\t\t\t\t\t\t\t<div class=\"elementor-wrapper elementor-open-inline\">\n\t\t\t<iframe class=\"elementor-video-iframe\" allowfullscreen allow=\"clipboard-write\" title=\"Lecteur vid\u00e9o vimeo\" src=\"https:\/\/player.vimeo.com\/video\/1075690471?color&amp;autopause=0&amp;loop=0&amp;muted=0&amp;title=1&amp;portrait=1&amp;byline=1&amp;h=9706b9d9ac#t=\"><\/iframe>\t\t<\/div>\n\t\t\t\t\t\t<\/div>\n\t\t\t\t<\/div>\n\t\t\t\t<\/div>\n\t\t\t\t<\/div>\n\t\t<div class=\"elementor-element elementor-element-d443cad e-con-full e-flex e-con e-child\" data-id=\"d443cad\" data-element_type=\"container\">\n\t\t<div class=\"elementor-element elementor-element-1bffa19 e-con-full e-flex e-con e-child\" data-id=\"1bffa19\" data-element_type=\"container\" data-settings=\"{&quot;background_background&quot;:&quot;classic&quot;}\">\n\t\t\t\t<div class=\"elementor-element elementor-element-6dc7243 elementor-widget elementor-widget-image\" data-id=\"6dc7243\" data-element_type=\"widget\" data-widget_type=\"image.default\">\n\t\t\t\t<div class=\"elementor-widget-container\">\n\t\t\t\t\t\t\t\t\t\t\t\t\t\t\t<img fetchpriority=\"high\" decoding=\"async\" width=\"800\" height=\"525\" src=\"https:\/\/breastcancer.ca\/wp-content\/uploads\/2025\/06\/MEGABike-2025-Revamp-7-1024x672.jpg\" class=\"attachment-large size-large wp-image-15482\" alt=\"\" srcset=\"https:\/\/breastcancer.ca\/wp-content\/uploads\/2025\/06\/MEGABike-2025-Revamp-7-1024x672.jpg 1024w, https:\/\/breastcancer.ca\/wp-content\/uploads\/2025\/06\/MEGABike-2025-Revamp-7-300x197.jpg 300w, https:\/\/breastcancer.ca\/wp-content\/uploads\/2025\/06\/MEGABike-2025-Revamp-7-768x504.jpg 768w, https:\/\/breastcancer.ca\/wp-content\/uploads\/2025\/06\/MEGABike-2025-Revamp-7.jpg 1500w\" sizes=\"(max-width: 800px) 100vw, 800px\" \/>\t\t\t\t\t\t\t\t\t\t\t\t\t\t\t<\/div>\n\t\t\t\t<\/div>\n\t\t\t\t<\/div>\n\t\t<div class=\"elementor-element elementor-element-105591f e-con-full e-flex e-con e-child\" data-id=\"105591f\" data-element_type=\"container\">\n\t\t\t\t<div class=\"elementor-element elementor-element-f6739c8 elementor-widget elementor-widget-text-editor\" data-id=\"f6739c8\" data-element_type=\"widget\" data-widget_type=\"text-editor.default\">\n\t\t\t\t<div class=\"elementor-widget-container\">\n\t\t\t\t\t\t\t\t\t<p>\u00ab MEGABike est un symbole de ce que nous pouvons accomplir lorsque nous avan\u00e7ons ensemble \u00bb, d\u00e9clare Kimberly Carson, PDG de Cancer du sein Canada. \u00ab Chaque dollar r\u00e9colt\u00e9 soutient la recherche canadienne qui am\u00e9liore les r\u00e9sultats pour les Canadiens confront\u00e9s au cancer du sein, nous rapprochant d&rsquo;un avenir o\u00f9 chaque patient re\u00e7oit les soins personnalis\u00e9s dont il a besoin, peu importe o\u00f9 il vit dans le pays. \u00bb <\/p>\t\t\t\t\t\t\t\t<\/div>\n\t\t\t\t<\/div>\n\t\t\t\t<\/div>\n\t\t\t\t<\/div>\n\t\t\t\t<div class=\"elementor-element elementor-element-b9a4eee elementor-align-center elementor-widget elementor-widget-button\" data-id=\"b9a4eee\" data-element_type=\"widget\" data-widget_type=\"button.default\">\n\t\t\t\t<div class=\"elementor-widget-container\">\n\t\t\t\t\t\t\t\t\t<div class=\"elementor-button-wrapper\">\n\t\t\t\t\t<a class=\"elementor-button elementor-button-link elementor-size-sm\" href=\"#\">\n\t\t\t\t\t\t<span class=\"elementor-button-content-wrapper\">\n\t\t\t\t\t\t\t\t\t<span class=\"elementor-button-text\">Inscrivez-vous maintenant !<\/span>\n\t\t\t\t\t<\/span>\n\t\t\t\t\t<\/a>\n\t\t\t\t<\/div>\n\t\t\t\t\t\t\t\t<\/div>\n\t\t\t\t<\/div>\n\t\t<div class=\"elementor-element elementor-element-762fa3a e-con-full e-flex e-con e-child\" data-id=\"762fa3a\" data-element_type=\"container\">\n\t\t<div class=\"elementor-element elementor-element-fb0f6f6 e-con-full e-flex e-con e-child\" data-id=\"fb0f6f6\" data-element_type=\"container\">\n\t\t\t\t<div class=\"elementor-element elementor-element-5b97e05 elementor-widget elementor-widget-heading\" data-id=\"5b97e05\" data-element_type=\"widget\" data-widget_type=\"heading.default\">\n\t\t\t\t<div class=\"elementor-widget-container\">\n\t\t\t\t\t<h1 class=\"elementor-heading-title elementor-size-default\">Comment s'impliquer<\/h1>\t\t\t\t<\/div>\n\t\t\t\t<\/div>\n\t\t\t\t<div class=\"elementor-element elementor-element-7054202 elementor-widget elementor-widget-text-editor\" data-id=\"7054202\" data-element_type=\"widget\" data-widget_type=\"text-editor.default\">\n\t\t\t\t<div class=\"elementor-widget-container\">\n\t\t\t\t\t\t\t\t\t<p class=\"p1\">Rejoignez-nous pour une journ\u00e9e dynamique de travail d&rsquo;\u00e9quipe et d&rsquo;esprit communautaire en devenant b\u00e9n\u00e9vole pour<\/p><p class=\"p1\">la campagne MEGABike de Cancer du sein Canada.<\/p>\t\t\t\t\t\t\t\t<\/div>\n\t\t\t\t<\/div>\n\t\t\t\t<\/div>\n\t\t<div class=\"elementor-element elementor-element-6fcd6b6 e-con-full e-flex e-con e-child\" data-id=\"6fcd6b6\" data-element_type=\"container\">\n\t\t<div class=\"elementor-element elementor-element-be3c8e0 e-con-full e-flex e-con e-child\" data-id=\"be3c8e0\" data-element_type=\"container\">\n\t\t\t\t<div class=\"elementor-element elementor-element-7f32b40 elementor-widget elementor-widget-heading\" data-id=\"7f32b40\" data-element_type=\"widget\" data-widget_type=\"heading.default\">\n\t\t\t\t<div class=\"elementor-widget-container\">\n\t\t\t\t\t<h4 class=\"elementor-heading-title elementor-size-default\">Pour devenir partenaire<\/h4>\t\t\t\t<\/div>\n\t\t\t\t<\/div>\n\t\t\t\t<div class=\"elementor-element elementor-element-202da8f elementor-widget elementor-widget-text-editor\" data-id=\"202da8f\" data-element_type=\"widget\" data-widget_type=\"text-editor.default\">\n\t\t\t\t<div class=\"elementor-widget-container\">\n\t\t\t\t\t\t\t\t\t<p><strong>Erica Walters<br>Directrice associ\u00e9e, Philanthropie<br>T\u00e9l. : 800-567-8767 poste 712<strong><br>Courriel : <a href=\"mailto:ewalters@breastcancerprogress.ca\">ewalters@breastcancerprogress.ca<\/a><\/strong><\/strong><\/p>\t\t\t\t\t\t\t\t<\/div>\n\t\t\t\t<\/div>\n\t\t\t\t<\/div>\n\t\t<div class=\"elementor-element elementor-element-3344ac1 e-con-full e-flex e-con e-child\" data-id=\"3344ac1\" data-element_type=\"container\">\n\t\t\t\t<div class=\"elementor-element elementor-element-c622d6b elementor-widget elementor-widget-heading\" data-id=\"c622d6b\" data-element_type=\"widget\" data-widget_type=\"heading.default\">\n\t\t\t\t<div class=\"elementor-widget-container\">\n\t\t\t\t\t<h4 class=\"elementor-heading-title elementor-size-default\">Pour des informations sur l'\u00e9v\u00e9nement<\/h4>\t\t\t\t<\/div>\n\t\t\t\t<\/div>\n\t\t\t\t<div class=\"elementor-element elementor-element-07e98be elementor-widget elementor-widget-text-editor\" data-id=\"07e98be\" data-element_type=\"widget\" data-widget_type=\"text-editor.default\">\n\t\t\t\t<div class=\"elementor-widget-container\">\n\t\t\t\t\t\t\t\t\t<p><strong>Jessie Nairn<\/strong><br>Coordinatrice d&rsquo;\u00e9v\u00e9nements<br>T\u00e9l. : 800-567-8767 poste 714<br>Courriel : <strong><a href=\"mailto:jnairn@breastcancerprogress.ca\">jnairn@breastcancerprogress.ca<\/a><\/strong><\/p>\t\t\t\t\t\t\t\t<\/div>\n\t\t\t\t<\/div>\n\t\t\t\t<\/div>\n\t\t\t\t<\/div>\n\t\t\t\t<\/div>\n\t\t\t\t\t<\/div>\n\t\t\t\t<\/div>\n\t\t\t\t<\/div>\n\t\t","protected":false},"excerpt":{"rendered":"<p>Emplacements Faire un don \u00e0 une \u00e9quipe S&rsquo;impliquer S&rsquo;inscrire MEGABike de Cancer du sein Canada Le MEGABike de Cancer du sein Canada arrive dans votre ville, et nous vous invitons \u00e0 p\u00e9daler avec nous. C&rsquo;est plus qu&rsquo;un simple v\u00e9lo&#8230; c&rsquo;est un mouvement propuls\u00e9 par une \u00e9quipe de 29 personnes qui soutient la recherche essentielle sur [&hellip;]<\/p>\n","protected":false},"author":1,"featured_media":0,"parent":0,"menu_order":0,"comment_status":"closed","ping_status":"closed","template":"","meta":{"_acf_changed":false,"footnotes":""},"class_list":["post-15475","page","type-page","status-publish","hentry"],"acf":[],"yoast_head":"<!-- This site is optimized with the Yoast SEO plugin v26.5 - https:\/\/yoast.com\/wordpress\/plugins\/seo\/ -->\n<title>MEGABike - Breast Cancer Canada<\/title>\n<meta name=\"robots\" content=\"index, follow, max-snippet:-1, max-image-preview:large, max-video-preview:-1\" \/>\n<link rel=\"canonical\" href=\"https:\/\/breastcancer.ca\/fr\/megabike\/\" \/>\n<meta property=\"og:locale\" content=\"fr_FR\" \/>\n<meta property=\"og:type\" content=\"article\" \/>\n<meta property=\"og:title\" content=\"MEGABike - Breast Cancer Canada\" \/>\n<meta property=\"og:description\" content=\"Emplacements Faire un don \u00e0 une \u00e9quipe S&rsquo;impliquer S&rsquo;inscrire MEGABike de Cancer du sein Canada Le MEGABike de Cancer du sein Canada arrive dans votre ville, et nous vous invitons \u00e0 p\u00e9daler avec nous. C&rsquo;est plus qu&rsquo;un simple v\u00e9lo&#8230; c&rsquo;est un mouvement propuls\u00e9 par une \u00e9quipe de 29 personnes qui soutient la recherche essentielle sur [&hellip;]\" \/>\n<meta property=\"og:url\" content=\"https:\/\/breastcancer.ca\/fr\/megabike\/\" \/>\n<meta property=\"og:site_name\" content=\"Breast Cancer Canada\" \/>\n<meta property=\"article:modified_time\" content=\"2025-10-09T00:20:49+00:00\" \/>\n<meta property=\"og:image\" content=\"https:\/\/breastcancer.ca\/wp-content\/uploads\/2025\/06\/MEGABike-2025-Revamp-7.jpg\" \/>\n\t<meta property=\"og:image:width\" content=\"1500\" \/>\n\t<meta property=\"og:image:height\" content=\"984\" \/>\n\t<meta property=\"og:image:type\" content=\"image\/jpeg\" \/>\n<meta name=\"twitter:card\" content=\"summary_large_image\" \/>\n<meta name=\"twitter:label1\" content=\"Dur\u00e9e de lecture estim\u00e9e\" \/>\n\t<meta name=\"twitter:data1\" content=\"1 minute\" \/>\n<script type=\"application\/ld+json\" class=\"yoast-schema-graph\">{\"@context\":\"https:\/\/schema.org\",\"@graph\":[{\"@type\":\"WebPage\",\"@id\":\"https:\/\/breastcancer.ca\/fr\/megabike\/\",\"url\":\"https:\/\/breastcancer.ca\/fr\/megabike\/\",\"name\":\"MEGABike - Breast Cancer Canada\",\"isPartOf\":{\"@id\":\"https:\/\/breastcancer.ca\/fr\/#website\"},\"primaryImageOfPage\":{\"@id\":\"https:\/\/breastcancer.ca\/fr\/megabike\/#primaryimage\"},\"image\":{\"@id\":\"https:\/\/breastcancer.ca\/fr\/megabike\/#primaryimage\"},\"thumbnailUrl\":\"https:\/\/breastcancer.ca\/wp-content\/uploads\/2025\/06\/MEGABike-2025-Revamp-7-1024x672.jpg\",\"datePublished\":\"2025-06-26T03:38:42+00:00\",\"dateModified\":\"2025-10-09T00:20:49+00:00\",\"breadcrumb\":{\"@id\":\"https:\/\/breastcancer.ca\/fr\/megabike\/#breadcrumb\"},\"inLanguage\":\"fr-FR\",\"potentialAction\":[{\"@type\":\"ReadAction\",\"target\":[\"https:\/\/breastcancer.ca\/fr\/megabike\/\"]}]},{\"@type\":\"ImageObject\",\"inLanguage\":\"fr-FR\",\"@id\":\"https:\/\/breastcancer.ca\/fr\/megabike\/#primaryimage\",\"url\":\"https:\/\/breastcancer.ca\/wp-content\/uploads\/2025\/06\/MEGABike-2025-Revamp-7-1024x672.jpg\",\"contentUrl\":\"https:\/\/breastcancer.ca\/wp-content\/uploads\/2025\/06\/MEGABike-2025-Revamp-7-1024x672.jpg\"},{\"@type\":\"BreadcrumbList\",\"@id\":\"https:\/\/breastcancer.ca\/fr\/megabike\/#breadcrumb\",\"itemListElement\":[{\"@type\":\"ListItem\",\"position\":1,\"name\":\"Home\",\"item\":\"https:\/\/breastcancer.ca\/fr\/accueil\/\"},{\"@type\":\"ListItem\",\"position\":2,\"name\":\"MEGABike\"}]},{\"@type\":\"WebSite\",\"@id\":\"https:\/\/breastcancer.ca\/fr\/#website\",\"url\":\"https:\/\/breastcancer.ca\/fr\/\",\"name\":\"Breast Cancer Canada\",\"description\":\"The more we know, the sooner we can end breast cancer.\",\"publisher\":{\"@id\":\"https:\/\/breastcancer.ca\/fr\/#organization\"},\"potentialAction\":[{\"@type\":\"SearchAction\",\"target\":{\"@type\":\"EntryPoint\",\"urlTemplate\":\"https:\/\/breastcancer.ca\/fr\/?s={search_term_string}\"},\"query-input\":{\"@type\":\"PropertyValueSpecification\",\"valueRequired\":true,\"valueName\":\"search_term_string\"}}],\"inLanguage\":\"fr-FR\"},{\"@type\":\"Organization\",\"@id\":\"https:\/\/breastcancer.ca\/fr\/#organization\",\"name\":\"Breast Cancer Canada\",\"url\":\"https:\/\/breastcancer.ca\/fr\/\",\"logo\":{\"@type\":\"ImageObject\",\"inLanguage\":\"fr-FR\",\"@id\":\"https:\/\/breastcancer.ca\/fr\/#\/schema\/logo\/image\/\",\"url\":\"https:\/\/breastcancer.ca\/wp-content\/uploads\/2025\/04\/BCC_Logo_endscreen.png\",\"contentUrl\":\"https:\/\/breastcancer.ca\/wp-content\/uploads\/2025\/04\/BCC_Logo_endscreen.png\",\"width\":1456,\"height\":260,\"caption\":\"Breast Cancer Canada\"},\"image\":{\"@id\":\"https:\/\/breastcancer.ca\/fr\/#\/schema\/logo\/image\/\"}}]}<\/script>\n<!-- \/ Yoast SEO plugin. -->","yoast_head_json":{"title":"MEGABike - Breast Cancer Canada","robots":{"index":"index","follow":"follow","max-snippet":"max-snippet:-1","max-image-preview":"max-image-preview:large","max-video-preview":"max-video-preview:-1"},"canonical":"https:\/\/breastcancer.ca\/fr\/megabike\/","og_locale":"fr_FR","og_type":"article","og_title":"MEGABike - Breast Cancer Canada","og_description":"Emplacements Faire un don \u00e0 une \u00e9quipe S&rsquo;impliquer S&rsquo;inscrire MEGABike de Cancer du sein Canada Le MEGABike de Cancer du sein Canada arrive dans votre ville, et nous vous invitons \u00e0 p\u00e9daler avec nous. C&rsquo;est plus qu&rsquo;un simple v\u00e9lo&#8230; c&rsquo;est un mouvement propuls\u00e9 par une \u00e9quipe de 29 personnes qui soutient la recherche essentielle sur [&hellip;]","og_url":"https:\/\/breastcancer.ca\/fr\/megabike\/","og_site_name":"Breast Cancer Canada","article_modified_time":"2025-10-09T00:20:49+00:00","og_image":[{"width":1500,"height":984,"url":"https:\/\/breastcancer.ca\/wp-content\/uploads\/2025\/06\/MEGABike-2025-Revamp-7.jpg","type":"image\/jpeg"}],"twitter_card":"summary_large_image","twitter_misc":{"Dur\u00e9e de lecture estim\u00e9e":"1 minute"},"schema":{"@context":"https:\/\/schema.org","@graph":[{"@type":"WebPage","@id":"https:\/\/breastcancer.ca\/fr\/megabike\/","url":"https:\/\/breastcancer.ca\/fr\/megabike\/","name":"MEGABike - Breast Cancer Canada","isPartOf":{"@id":"https:\/\/breastcancer.ca\/fr\/#website"},"primaryImageOfPage":{"@id":"https:\/\/breastcancer.ca\/fr\/megabike\/#primaryimage"},"image":{"@id":"https:\/\/breastcancer.ca\/fr\/megabike\/#primaryimage"},"thumbnailUrl":"https:\/\/breastcancer.ca\/wp-content\/uploads\/2025\/06\/MEGABike-2025-Revamp-7-1024x672.jpg","datePublished":"2025-06-26T03:38:42+00:00","dateModified":"2025-10-09T00:20:49+00:00","breadcrumb":{"@id":"https:\/\/breastcancer.ca\/fr\/megabike\/#breadcrumb"},"inLanguage":"fr-FR","potentialAction":[{"@type":"ReadAction","target":["https:\/\/breastcancer.ca\/fr\/megabike\/"]}]},{"@type":"ImageObject","inLanguage":"fr-FR","@id":"https:\/\/breastcancer.ca\/fr\/megabike\/#primaryimage","url":"https:\/\/breastcancer.ca\/wp-content\/uploads\/2025\/06\/MEGABike-2025-Revamp-7-1024x672.jpg","contentUrl":"https:\/\/breastcancer.ca\/wp-content\/uploads\/2025\/06\/MEGABike-2025-Revamp-7-1024x672.jpg"},{"@type":"BreadcrumbList","@id":"https:\/\/breastcancer.ca\/fr\/megabike\/#breadcrumb","itemListElement":[{"@type":"ListItem","position":1,"name":"Home","item":"https:\/\/breastcancer.ca\/fr\/accueil\/"},{"@type":"ListItem","position":2,"name":"MEGABike"}]},{"@type":"WebSite","@id":"https:\/\/breastcancer.ca\/fr\/#website","url":"https:\/\/breastcancer.ca\/fr\/","name":"Breast Cancer Canada","description":"The more we know, the sooner we can end breast cancer.","publisher":{"@id":"https:\/\/breastcancer.ca\/fr\/#organization"},"potentialAction":[{"@type":"SearchAction","target":{"@type":"EntryPoint","urlTemplate":"https:\/\/breastcancer.ca\/fr\/?s={search_term_string}"},"query-input":{"@type":"PropertyValueSpecification","valueRequired":true,"valueName":"search_term_string"}}],"inLanguage":"fr-FR"},{"@type":"Organization","@id":"https:\/\/breastcancer.ca\/fr\/#organization","name":"Breast Cancer Canada","url":"https:\/\/breastcancer.ca\/fr\/","logo":{"@type":"ImageObject","inLanguage":"fr-FR","@id":"https:\/\/breastcancer.ca\/fr\/#\/schema\/logo\/image\/","url":"https:\/\/breastcancer.ca\/wp-content\/uploads\/2025\/04\/BCC_Logo_endscreen.png","contentUrl":"https:\/\/breastcancer.ca\/wp-content\/uploads\/2025\/04\/BCC_Logo_endscreen.png","width":1456,"height":260,"caption":"Breast Cancer Canada"},"image":{"@id":"https:\/\/breastcancer.ca\/fr\/#\/schema\/logo\/image\/"}}]}},"_links":{"self":[{"href":"https:\/\/breastcancer.ca\/fr\/wp-json\/wp\/v2\/pages\/15475","targetHints":{"allow":["GET"]}}],"collection":[{"href":"https:\/\/breastcancer.ca\/fr\/wp-json\/wp\/v2\/pages"}],"about":[{"href":"https:\/\/breastcancer.ca\/fr\/wp-json\/wp\/v2\/types\/page"}],"author":[{"embeddable":true,"href":"https:\/\/breastcancer.ca\/fr\/wp-json\/wp\/v2\/users\/1"}],"replies":[{"embeddable":true,"href":"https:\/\/breastcancer.ca\/fr\/wp-json\/wp\/v2\/comments?post=15475"}],"version-history":[{"count":1,"href":"https:\/\/breastcancer.ca\/fr\/wp-json\/wp\/v2\/pages\/15475\/revisions"}],"predecessor-version":[{"id":15490,"href":"https:\/\/breastcancer.ca\/fr\/wp-json\/wp\/v2\/pages\/15475\/revisions\/15490"}],"wp:attachment":[{"href":"https:\/\/breastcancer.ca\/fr\/wp-json\/wp\/v2\/media?parent=15475"}],"curies":[{"name":"wp","href":"https:\/\/api.w.org\/{rel}","templated":true}]}}