{"id":15492,"date":"2025-07-21T21:37:47","date_gmt":"2025-07-21T21:37:47","guid":{"rendered":"https:\/\/breastcancer.ca\/creez-votre-propre-collecte-de-fonds\/"},"modified":"2025-10-09T00:20:50","modified_gmt":"2025-10-09T00:20:50","slug":"creez-votre-propre-collecte-de-fonds","status":"publish","type":"page","link":"https:\/\/breastcancer.ca\/fr\/creez-votre-propre-collecte-de-fonds\/","title":{"rendered":"Cr\u00e9ez votre propre collecte de fonds"},"content":{"rendered":"\t\t<div data-elementor-type=\"wp-page\" data-elementor-id=\"15492\" class=\"elementor elementor-15492 elementor-13860\" data-elementor-post-type=\"page\">\n\t\t\t\t<div class=\"elementor-element elementor-element-c5c12ff e-flex e-con-boxed e-con e-parent\" data-id=\"c5c12ff\" data-element_type=\"container\" data-settings=\"{&quot;background_background&quot;:&quot;classic&quot;}\">\n\t\t\t\t\t<div class=\"e-con-inner\">\n\t\t\t\t<div class=\"elementor-element elementor-element-3cca4fd elementor-hidden-mobile elementor-widget elementor-widget-image\" data-id=\"3cca4fd\" data-element_type=\"widget\" data-widget_type=\"image.default\">\n\t\t\t\t<div class=\"elementor-widget-container\">\n\t\t\t\t\t\t\t\t\t\t\t\t\t\t\t<img fetchpriority=\"high\" decoding=\"async\" width=\"664\" height=\"231\" src=\"https:\/\/breastcancer.ca\/wp-content\/uploads\/2025\/07\/cyof.png\" class=\"attachment-large size-large wp-image-15495\" alt=\"\" srcset=\"https:\/\/breastcancer.ca\/wp-content\/uploads\/2025\/07\/cyof.png 664w, https:\/\/breastcancer.ca\/wp-content\/uploads\/2025\/07\/cyof-300x104.png 300w\" sizes=\"(max-width: 664px) 100vw, 664px\" \/>\t\t\t\t\t\t\t\t\t\t\t\t\t\t\t<\/div>\n\t\t\t\t<\/div>\n\t\t\t\t\t<\/div>\n\t\t\t\t<\/div>\n\t\t<div class=\"elementor-element elementor-element-cbcbfd0 e-flex e-con-boxed e-con e-parent\" data-id=\"cbcbfd0\" data-element_type=\"container\">\n\t\t\t\t\t<div class=\"e-con-inner\">\n\t\t<div class=\"elementor-element elementor-element-d162823 e-con-full e-flex e-con e-child\" data-id=\"d162823\" data-element_type=\"container\">\n\t\t\t\t<div class=\"elementor-element elementor-element-6de21c6 elementor-widget elementor-widget-text-editor\" data-id=\"6de21c6\" data-element_type=\"widget\" data-widget_type=\"text-editor.default\">\n\t\t\t\t<div class=\"elementor-widget-container\">\n\t\t\t\t\t\t\t\t\t<p>Cr\u00e9ez une collecte de fonds pour Cancer du sein Canada et devenez un agent de changement pour la 1 femme canadienne sur 8 qui recevra un diagnostic de cancer du sein au cours de sa vie.<\/p><p>En organisant une collecte de fonds pour CCS, vous financerez des recherches r\u00e9volutionnaires pour mieux d\u00e9tecter, traiter et m\u00eame pr\u00e9venir le cancer du sein.<\/p><p>Vous permettrez \u00e9galement la r\u00e9alisation de nos projets nationaux sur le cancer du sein afin que les Canadiens touch\u00e9s par le cancer du sein aient acc\u00e8s \u00e0 des informations fiables, adapt\u00e9es \u00e0 leur diagnostic \u00e0 chaque \u00e9tape de leur parcours \u2013 Progress CONNECT.<\/p><p>Ainsi que donner aux patientes canadiennes atteintes du cancer du sein la possibilit\u00e9 de faire entendre leur voix \u00e0 l&rsquo;\u00e9chelle nationale gr\u00e2ce \u00e0 notre \u00e9tude sur les r\u00e9sultats rapport\u00e9s par les patients, PROgress Tracker.<\/p><p><strong>L&rsquo;avenir du cancer du sein est entre vos mains. Progressons ensemble. <\/strong><\/p>\t\t\t\t\t\t\t\t<\/div>\n\t\t\t\t<\/div>\n\t\t\t\t<div class=\"elementor-element elementor-element-0d00d68 elementor-widget elementor-widget-button\" data-id=\"0d00d68\" data-element_type=\"widget\" data-widget_type=\"button.default\">\n\t\t\t\t<div class=\"elementor-widget-container\">\n\t\t\t\t\t\t\t\t\t<div class=\"elementor-button-wrapper\">\n\t\t\t\t\t<a class=\"elementor-button elementor-button-link elementor-size-sm\" href=\"https:\/\/mybreastcancerevent.ca\/\">\n\t\t\t\t\t\t<span class=\"elementor-button-content-wrapper\">\n\t\t\t\t\t\t\t\t\t<span class=\"elementor-button-text\">Cr\u00e9ez votre propre collecte de fonds<\/span>\n\t\t\t\t\t<\/span>\n\t\t\t\t\t<\/a>\n\t\t\t\t<\/div>\n\t\t\t\t\t\t\t\t<\/div>\n\t\t\t\t<\/div>\n\t\t\t\t<\/div>\n\t\t<div class=\"elementor-element elementor-element-6794e8f e-con-full e-flex e-con e-child\" data-id=\"6794e8f\" data-element_type=\"container\">\n\t\t\t\t<div class=\"elementor-element elementor-element-2c199e3 elementor-widget elementor-widget-image\" data-id=\"2c199e3\" data-element_type=\"widget\" data-widget_type=\"image.default\">\n\t\t\t\t<div class=\"elementor-widget-container\">\n\t\t\t\t\t\t\t\t\t\t\t\t\t\t\t<img decoding=\"async\" width=\"800\" height=\"534\" src=\"https:\/\/breastcancer.ca\/wp-content\/uploads\/2025\/07\/521A2137-1024x683.webp\" class=\"attachment-large size-large wp-image-15496\" alt=\"\" srcset=\"https:\/\/breastcancer.ca\/wp-content\/uploads\/2025\/07\/521A2137-1024x683.webp 1024w, https:\/\/breastcancer.ca\/wp-content\/uploads\/2025\/07\/521A2137-300x200.webp 300w, https:\/\/breastcancer.ca\/wp-content\/uploads\/2025\/07\/521A2137-768x512.webp 768w, https:\/\/breastcancer.ca\/wp-content\/uploads\/2025\/07\/521A2137-1536x1024.webp 1536w, https:\/\/breastcancer.ca\/wp-content\/uploads\/2025\/07\/521A2137.webp 1824w\" sizes=\"(max-width: 800px) 100vw, 800px\" \/>\t\t\t\t\t\t\t\t\t\t\t\t\t\t\t<\/div>\n\t\t\t\t<\/div>\n\t\t\t\t<\/div>\n\t\t\t\t\t<\/div>\n\t\t\t\t<\/div>\n\t\t<div class=\"elementor-element elementor-element-68a17fd e-flex e-con-boxed e-con e-parent\" data-id=\"68a17fd\" data-element_type=\"container\">\n\t\t\t\t\t<div class=\"e-con-inner\">\n\t\t<div class=\"elementor-element elementor-element-48c1dab e-con-full e-flex e-con e-child\" data-id=\"48c1dab\" data-element_type=\"container\">\n\t\t\t\t<div class=\"elementor-element elementor-element-7d3ee4b elementor-widget elementor-widget-heading\" data-id=\"7d3ee4b\" data-element_type=\"widget\" data-widget_type=\"heading.default\">\n\t\t\t\t<div class=\"elementor-widget-container\">\n\t\t\t\t\t<h1 class=\"elementor-heading-title elementor-size-default\">Commencer est facile...<\/h1>\t\t\t\t<\/div>\n\t\t\t\t<\/div>\n\t\t\t\t<\/div>\n\t\t<div class=\"elementor-element elementor-element-488bb4d e-con-full e-flex e-con e-child\" data-id=\"488bb4d\" data-element_type=\"container\">\n\t\t<div class=\"elementor-element elementor-element-4dbeb72 e-con-full e-flex e-con e-child\" data-id=\"4dbeb72\" data-element_type=\"container\" data-settings=\"{&quot;background_background&quot;:&quot;classic&quot;}\">\n\t\t<div class=\"elementor-element elementor-element-d107b55 e-con-full e-flex e-con e-child\" data-id=\"d107b55\" data-element_type=\"container\">\n\t\t\t\t<div class=\"elementor-element elementor-element-4773c42 elementor-view-default elementor-widget elementor-widget-icon\" data-id=\"4773c42\" data-element_type=\"widget\" data-widget_type=\"icon.default\">\n\t\t\t\t<div class=\"elementor-widget-container\">\n\t\t\t\t\t\t\t<div class=\"elementor-icon-wrapper\">\n\t\t\t<div class=\"elementor-icon\">\n\t\t\t<svg aria-hidden=\"true\" class=\"e-font-icon-svg e-far-lightbulb\" viewBox=\"0 0 352 512\" xmlns=\"http:\/\/www.w3.org\/2000\/svg\"><path d=\"M176 80c-52.94 0-96 43.06-96 96 0 8.84 7.16 16 16 16s16-7.16 16-16c0-35.3 28.72-64 64-64 8.84 0 16-7.16 16-16s-7.16-16-16-16zM96.06 459.17c0 3.15.93 6.22 2.68 8.84l24.51 36.84c2.97 4.46 7.97 7.14 13.32 7.14h78.85c5.36 0 10.36-2.68 13.32-7.14l24.51-36.84c1.74-2.62 2.67-5.7 2.68-8.84l.05-43.18H96.02l.04 43.18zM176 0C73.72 0 0 82.97 0 176c0 44.37 16.45 84.85 43.56 115.78 16.64 18.99 42.74 58.8 52.42 92.16v.06h48v-.12c-.01-4.77-.72-9.51-2.15-14.07-5.59-17.81-22.82-64.77-62.17-109.67-20.54-23.43-31.52-53.15-31.61-84.14-.2-73.64 59.67-128 127.95-128 70.58 0 128 57.42 128 128 0 30.97-11.24 60.85-31.65 84.14-39.11 44.61-56.42 91.47-62.1 109.46a47.507 47.507 0 0 0-2.22 14.3v.1h48v-.05c9.68-33.37 35.78-73.18 52.42-92.16C335.55 260.85 352 220.37 352 176 352 78.8 273.2 0 176 0z\"><\/path><\/svg>\t\t\t<\/div>\n\t\t<\/div>\n\t\t\t\t\t\t<\/div>\n\t\t\t\t<\/div>\n\t\t\t\t<\/div>\n\t\t<div class=\"elementor-element elementor-element-22f682d e-con-full e-flex e-con e-child\" data-id=\"22f682d\" data-element_type=\"container\">\n\t\t\t\t<div class=\"elementor-element elementor-element-459821d elementor-widget elementor-widget-heading\" data-id=\"459821d\" data-element_type=\"widget\" data-widget_type=\"heading.default\">\n\t\t\t\t<div class=\"elementor-widget-container\">\n\t\t\t\t\t<h5 class=\"elementor-heading-title elementor-size-default\">Premi\u00e8re \u00e9tape<\/h5>\t\t\t\t<\/div>\n\t\t\t\t<\/div>\n\t\t\t\t<div class=\"elementor-element elementor-element-c4ee824 elementor-widget elementor-widget-text-editor\" data-id=\"c4ee824\" data-element_type=\"widget\" data-widget_type=\"text-editor.default\">\n\t\t\t\t<div class=\"elementor-widget-container\">\n\t\t\t\t\t\t\t\t\t<p>D\u00e9cidez du type d&rsquo;\u00e9v\u00e9nement que vous souhaitez cr\u00e9er<\/p>\t\t\t\t\t\t\t\t<\/div>\n\t\t\t\t<\/div>\n\t\t\t\t<\/div>\n\t\t<div class=\"elementor-element elementor-element-c17b2fa e-con-full e-flex e-con e-child\" data-id=\"c17b2fa\" data-element_type=\"container\">\n\t\t\t\t<div class=\"elementor-element elementor-element-bebe445 elementor-widget elementor-widget-button\" data-id=\"bebe445\" data-element_type=\"widget\" data-widget_type=\"button.default\">\n\t\t\t\t<div class=\"elementor-widget-container\">\n\t\t\t\t\t\t\t\t\t<div class=\"elementor-button-wrapper\">\n\t\t\t\t\t<a class=\"elementor-button elementor-button-link elementor-size-sm\" href=\"https:\/\/mybreastcancerevent.ca\/\">\n\t\t\t\t\t\t<span class=\"elementor-button-content-wrapper\">\n\t\t\t\t\t\t\t\t\t<span class=\"elementor-button-text\">Inspirez-vous<\/span>\n\t\t\t\t\t<\/span>\n\t\t\t\t\t<\/a>\n\t\t\t\t<\/div>\n\t\t\t\t\t\t\t\t<\/div>\n\t\t\t\t<\/div>\n\t\t\t\t<\/div>\n\t\t\t\t<\/div>\n\t\t<div class=\"elementor-element elementor-element-3a68065 e-con-full e-flex e-con e-child\" data-id=\"3a68065\" data-element_type=\"container\" data-settings=\"{&quot;background_background&quot;:&quot;classic&quot;}\">\n\t\t<div class=\"elementor-element elementor-element-91407ab e-con-full e-flex e-con e-child\" data-id=\"91407ab\" data-element_type=\"container\">\n\t\t\t\t<div class=\"elementor-element elementor-element-ab1137f elementor-view-default elementor-widget elementor-widget-icon\" data-id=\"ab1137f\" data-element_type=\"widget\" data-widget_type=\"icon.default\">\n\t\t\t\t<div class=\"elementor-widget-container\">\n\t\t\t\t\t\t\t<div class=\"elementor-icon-wrapper\">\n\t\t\t<div class=\"elementor-icon\">\n\t\t\t<svg aria-hidden=\"true\" class=\"e-font-icon-svg e-fas-file-signature\" viewBox=\"0 0 576 512\" xmlns=\"http:\/\/www.w3.org\/2000\/svg\"><path d=\"M218.17 424.14c-2.95-5.92-8.09-6.52-10.17-6.52s-7.22.59-10.02 6.19l-7.67 15.34c-6.37 12.78-25.03 11.37-29.48-2.09L144 386.59l-10.61 31.88c-5.89 17.66-22.38 29.53-41 29.53H80c-8.84 0-16-7.16-16-16s7.16-16 16-16h12.39c4.83 0 9.11-3.08 10.64-7.66l18.19-54.64c3.3-9.81 12.44-16.41 22.78-16.41s19.48 6.59 22.77 16.41l13.88 41.64c19.75-16.19 54.06-9.7 66 14.16 1.89 3.78 5.49 5.95 9.36 6.26v-82.12l128-127.09V160H248c-13.2 0-24-10.8-24-24V0H24C10.7 0 0 10.7 0 24v464c0 13.3 10.7 24 24 24h336c13.3 0 24-10.7 24-24v-40l-128-.11c-16.12-.31-30.58-9.28-37.83-23.75zM384 121.9c0-6.3-2.5-12.4-7-16.9L279.1 7c-4.5-4.5-10.6-7-17-7H256v128h128v-6.1zm-96 225.06V416h68.99l161.68-162.78-67.88-67.88L288 346.96zm280.54-179.63l-31.87-31.87c-9.94-9.94-26.07-9.94-36.01 0l-27.25 27.25 67.88 67.88 27.25-27.25c9.95-9.94 9.95-26.07 0-36.01z\"><\/path><\/svg>\t\t\t<\/div>\n\t\t<\/div>\n\t\t\t\t\t\t<\/div>\n\t\t\t\t<\/div>\n\t\t\t\t<\/div>\n\t\t<div class=\"elementor-element elementor-element-3c5d472 e-con-full e-flex e-con e-child\" data-id=\"3c5d472\" data-element_type=\"container\">\n\t\t\t\t<div class=\"elementor-element elementor-element-ff3feca elementor-widget elementor-widget-heading\" data-id=\"ff3feca\" data-element_type=\"widget\" data-widget_type=\"heading.default\">\n\t\t\t\t<div class=\"elementor-widget-container\">\n\t\t\t\t\t<h5 class=\"elementor-heading-title elementor-size-default\">Deuxi\u00e8me \u00e9tape<\/h5>\t\t\t\t<\/div>\n\t\t\t\t<\/div>\n\t\t\t\t<div class=\"elementor-element elementor-element-6d5c1f5 elementor-widget elementor-widget-text-editor\" data-id=\"6d5c1f5\" data-element_type=\"widget\" data-widget_type=\"text-editor.default\">\n\t\t\t\t<div class=\"elementor-widget-container\">\n\t\t\t\t\t\t\t\t\t<p>Inscrivez-vous et configurez votre page de collecte de fonds<\/p>\t\t\t\t\t\t\t\t<\/div>\n\t\t\t\t<\/div>\n\t\t\t\t<\/div>\n\t\t<div class=\"elementor-element elementor-element-2d6f9f7 e-con-full e-flex e-con e-child\" data-id=\"2d6f9f7\" data-element_type=\"container\">\n\t\t\t\t<div class=\"elementor-element elementor-element-c80fef1 elementor-widget elementor-widget-button\" data-id=\"c80fef1\" data-element_type=\"widget\" data-widget_type=\"button.default\">\n\t\t\t\t<div class=\"elementor-widget-container\">\n\t\t\t\t\t\t\t\t\t<div class=\"elementor-button-wrapper\">\n\t\t\t\t\t<a class=\"elementor-button elementor-button-link elementor-size-sm\" href=\"https:\/\/bcsc.akaraisin.com\/ui\/mybreastcancerevent\/pledge\/registration\/start\">\n\t\t\t\t\t\t<span class=\"elementor-button-content-wrapper\">\n\t\t\t\t\t\t\t\t\t<span class=\"elementor-button-text\">S'inscrire<\/span>\n\t\t\t\t\t<\/span>\n\t\t\t\t\t<\/a>\n\t\t\t\t<\/div>\n\t\t\t\t\t\t\t\t<\/div>\n\t\t\t\t<\/div>\n\t\t\t\t<\/div>\n\t\t\t\t<\/div>\n\t\t<div class=\"elementor-element elementor-element-2105ce8 e-con-full e-flex e-con e-child\" data-id=\"2105ce8\" data-element_type=\"container\" data-settings=\"{&quot;background_background&quot;:&quot;classic&quot;}\">\n\t\t<div class=\"elementor-element elementor-element-f11feaf e-con-full e-flex e-con e-child\" data-id=\"f11feaf\" data-element_type=\"container\">\n\t\t\t\t<div class=\"elementor-element elementor-element-b156cd5 elementor-view-default elementor-widget elementor-widget-icon\" data-id=\"b156cd5\" data-element_type=\"widget\" data-widget_type=\"icon.default\">\n\t\t\t\t<div class=\"elementor-widget-container\">\n\t\t\t\t\t\t\t<div class=\"elementor-icon-wrapper\">\n\t\t\t<div class=\"elementor-icon\">\n\t\t\t<svg aria-hidden=\"true\" class=\"e-font-icon-svg e-far-share-square\" viewBox=\"0 0 576 512\" xmlns=\"http:\/\/www.w3.org\/2000\/svg\"><path d=\"M561.938 158.06L417.94 14.092C387.926-15.922 336 5.097 336 48.032v57.198c-42.45 1.88-84.03 6.55-120.76 17.99-35.17 10.95-63.07 27.58-82.91 49.42C108.22 199.2 96 232.6 96 271.94c0 61.697 33.178 112.455 84.87 144.76 37.546 23.508 85.248-12.651 71.02-55.74-15.515-47.119-17.156-70.923 84.11-78.76V336c0 42.993 51.968 63.913 81.94 33.94l143.998-144c18.75-18.74 18.75-49.14 0-67.88zM384 336V232.16C255.309 234.082 166.492 255.35 206.31 376 176.79 357.55 144 324.08 144 271.94c0-109.334 129.14-118.947 240-119.85V48l144 144-144 144zm24.74 84.493a82.658 82.658 0 0 0 20.974-9.303c7.976-4.952 18.286.826 18.286 10.214V464c0 26.51-21.49 48-48 48H48c-26.51 0-48-21.49-48-48V112c0-26.51 21.49-48 48-48h132c6.627 0 12 5.373 12 12v4.486c0 4.917-2.987 9.369-7.569 11.152-13.702 5.331-26.396 11.537-38.05 18.585a12.138 12.138 0 0 1-6.28 1.777H54a6 6 0 0 0-6 6v340a6 6 0 0 0 6 6h340a6 6 0 0 0 6-6v-25.966c0-5.37 3.579-10.059 8.74-11.541z\"><\/path><\/svg>\t\t\t<\/div>\n\t\t<\/div>\n\t\t\t\t\t\t<\/div>\n\t\t\t\t<\/div>\n\t\t\t\t<\/div>\n\t\t<div class=\"elementor-element elementor-element-950ed08 e-con-full e-flex e-con e-child\" data-id=\"950ed08\" data-element_type=\"container\">\n\t\t\t\t<div class=\"elementor-element elementor-element-e994151 elementor-widget elementor-widget-heading\" data-id=\"e994151\" data-element_type=\"widget\" data-widget_type=\"heading.default\">\n\t\t\t\t<div class=\"elementor-widget-container\">\n\t\t\t\t\t<h5 class=\"elementor-heading-title elementor-size-default\">Troisi\u00e8me \u00e9tape<\/h5>\t\t\t\t<\/div>\n\t\t\t\t<\/div>\n\t\t\t\t<div class=\"elementor-element elementor-element-db96814 elementor-widget elementor-widget-text-editor\" data-id=\"db96814\" data-element_type=\"widget\" data-widget_type=\"text-editor.default\">\n\t\t\t\t<div class=\"elementor-widget-container\">\n\t\t\t\t\t\t\t\t\t<p>Partagez vos plans de collecte de fonds avec vos amis, votre famille, vos coll\u00e8gues et sur les r\u00e9seaux sociaux<\/p>\t\t\t\t\t\t\t\t<\/div>\n\t\t\t\t<\/div>\n\t\t\t\t<\/div>\n\t\t<div class=\"elementor-element elementor-element-33fa220 e-con-full e-flex e-con e-child\" data-id=\"33fa220\" data-element_type=\"container\">\n\t\t\t\t<div class=\"elementor-element elementor-element-78cf5b2 elementor-widget elementor-widget-button\" data-id=\"78cf5b2\" data-element_type=\"widget\" data-widget_type=\"button.default\">\n\t\t\t\t<div class=\"elementor-widget-container\">\n\t\t\t\t\t\t\t\t\t<div class=\"elementor-button-wrapper\">\n\t\t\t\t\t<a class=\"elementor-button elementor-button-link elementor-size-sm\" href=\"https:\/\/bcsc.akaraisin.com\/ui\/mybreastcancerevent\/pledge\/registration\/start\">\n\t\t\t\t\t\t<span class=\"elementor-button-content-wrapper\">\n\t\t\t\t\t\t\t\t\t<span class=\"elementor-button-text\">Cr\u00e9er une collecte de fonds<\/span>\n\t\t\t\t\t<\/span>\n\t\t\t\t\t<\/a>\n\t\t\t\t<\/div>\n\t\t\t\t\t\t\t\t<\/div>\n\t\t\t\t<\/div>\n\t\t\t\t<\/div>\n\t\t\t\t<\/div>\n\t\t\t\t<\/div>\n\t\t\t\t\t<\/div>\n\t\t\t\t<\/div>\n\t\t\t\t<\/div>\n\t\t","protected":false},"excerpt":{"rendered":"<p>Cr\u00e9ez une collecte de fonds pour Cancer du sein Canada et devenez un agent de changement pour la 1 femme canadienne sur 8 qui recevra un diagnostic de cancer du sein au cours de sa vie. En organisant une collecte de fonds pour CCS, vous financerez des recherches r\u00e9volutionnaires pour mieux d\u00e9tecter, traiter et m\u00eame [&hellip;]<\/p>\n","protected":false},"author":1,"featured_media":0,"parent":0,"menu_order":0,"comment_status":"closed","ping_status":"closed","template":"","meta":{"_acf_changed":false,"footnotes":""},"class_list":["post-15492","page","type-page","status-publish","hentry"],"acf":[],"yoast_head":"<!-- This site is optimized with the Yoast SEO plugin v26.5 - https:\/\/yoast.com\/wordpress\/plugins\/seo\/ -->\n<title>Cr\u00e9ez votre propre collecte de fonds - Breast Cancer Canada<\/title>\n<meta name=\"robots\" content=\"index, follow, max-snippet:-1, max-image-preview:large, max-video-preview:-1\" \/>\n<link rel=\"canonical\" href=\"https:\/\/breastcancer.ca\/fr\/creez-votre-propre-collecte-de-fonds\/\" \/>\n<meta property=\"og:locale\" content=\"fr_FR\" \/>\n<meta property=\"og:type\" content=\"article\" \/>\n<meta property=\"og:title\" content=\"Cr\u00e9ez votre propre collecte de fonds - Breast Cancer Canada\" \/>\n<meta property=\"og:description\" content=\"Cr\u00e9ez une collecte de fonds pour Cancer du sein Canada et devenez un agent de changement pour la 1 femme canadienne sur 8 qui recevra un diagnostic de cancer du sein au cours de sa vie. En organisant une collecte de fonds pour CCS, vous financerez des recherches r\u00e9volutionnaires pour mieux d\u00e9tecter, traiter et m\u00eame [&hellip;]\" \/>\n<meta property=\"og:url\" content=\"https:\/\/breastcancer.ca\/fr\/creez-votre-propre-collecte-de-fonds\/\" \/>\n<meta property=\"og:site_name\" content=\"Breast Cancer Canada\" \/>\n<meta property=\"article:modified_time\" content=\"2025-10-09T00:20:50+00:00\" \/>\n<meta property=\"og:image\" content=\"https:\/\/breastcancer.ca\/wp-content\/uploads\/2025\/07\/cyof.png\" \/>\n\t<meta property=\"og:image:width\" content=\"664\" \/>\n\t<meta property=\"og:image:height\" content=\"231\" \/>\n\t<meta property=\"og:image:type\" content=\"image\/png\" \/>\n<meta name=\"twitter:card\" content=\"summary_large_image\" \/>\n<meta name=\"twitter:label1\" content=\"Dur\u00e9e de lecture estim\u00e9e\" \/>\n\t<meta name=\"twitter:data1\" content=\"1 minute\" \/>\n<script type=\"application\/ld+json\" class=\"yoast-schema-graph\">{\"@context\":\"https:\/\/schema.org\",\"@graph\":[{\"@type\":\"WebPage\",\"@id\":\"https:\/\/breastcancer.ca\/fr\/creez-votre-propre-collecte-de-fonds\/\",\"url\":\"https:\/\/breastcancer.ca\/fr\/creez-votre-propre-collecte-de-fonds\/\",\"name\":\"Cr\u00e9ez votre propre collecte de fonds - Breast Cancer Canada\",\"isPartOf\":{\"@id\":\"https:\/\/breastcancer.ca\/fr\/#website\"},\"primaryImageOfPage\":{\"@id\":\"https:\/\/breastcancer.ca\/fr\/creez-votre-propre-collecte-de-fonds\/#primaryimage\"},\"image\":{\"@id\":\"https:\/\/breastcancer.ca\/fr\/creez-votre-propre-collecte-de-fonds\/#primaryimage\"},\"thumbnailUrl\":\"https:\/\/breastcancer.ca\/wp-content\/uploads\/2025\/07\/cyof.png\",\"datePublished\":\"2025-07-21T21:37:47+00:00\",\"dateModified\":\"2025-10-09T00:20:50+00:00\",\"breadcrumb\":{\"@id\":\"https:\/\/breastcancer.ca\/fr\/creez-votre-propre-collecte-de-fonds\/#breadcrumb\"},\"inLanguage\":\"fr-FR\",\"potentialAction\":[{\"@type\":\"ReadAction\",\"target\":[\"https:\/\/breastcancer.ca\/fr\/creez-votre-propre-collecte-de-fonds\/\"]}]},{\"@type\":\"ImageObject\",\"inLanguage\":\"fr-FR\",\"@id\":\"https:\/\/breastcancer.ca\/fr\/creez-votre-propre-collecte-de-fonds\/#primaryimage\",\"url\":\"https:\/\/breastcancer.ca\/wp-content\/uploads\/2025\/07\/cyof.png\",\"contentUrl\":\"https:\/\/breastcancer.ca\/wp-content\/uploads\/2025\/07\/cyof.png\"},{\"@type\":\"BreadcrumbList\",\"@id\":\"https:\/\/breastcancer.ca\/fr\/creez-votre-propre-collecte-de-fonds\/#breadcrumb\",\"itemListElement\":[{\"@type\":\"ListItem\",\"position\":1,\"name\":\"Home\",\"item\":\"https:\/\/breastcancer.ca\/fr\/accueil\/\"},{\"@type\":\"ListItem\",\"position\":2,\"name\":\"Cr\u00e9ez votre propre collecte de fonds\"}]},{\"@type\":\"WebSite\",\"@id\":\"https:\/\/breastcancer.ca\/fr\/#website\",\"url\":\"https:\/\/breastcancer.ca\/fr\/\",\"name\":\"Breast Cancer Canada\",\"description\":\"The more we know, the sooner we can end breast cancer.\",\"publisher\":{\"@id\":\"https:\/\/breastcancer.ca\/fr\/#organization\"},\"potentialAction\":[{\"@type\":\"SearchAction\",\"target\":{\"@type\":\"EntryPoint\",\"urlTemplate\":\"https:\/\/breastcancer.ca\/fr\/?s={search_term_string}\"},\"query-input\":{\"@type\":\"PropertyValueSpecification\",\"valueRequired\":true,\"valueName\":\"search_term_string\"}}],\"inLanguage\":\"fr-FR\"},{\"@type\":\"Organization\",\"@id\":\"https:\/\/breastcancer.ca\/fr\/#organization\",\"name\":\"Breast Cancer Canada\",\"url\":\"https:\/\/breastcancer.ca\/fr\/\",\"logo\":{\"@type\":\"ImageObject\",\"inLanguage\":\"fr-FR\",\"@id\":\"https:\/\/breastcancer.ca\/fr\/#\/schema\/logo\/image\/\",\"url\":\"https:\/\/breastcancer.ca\/wp-content\/uploads\/2025\/04\/BCC_Logo_endscreen.png\",\"contentUrl\":\"https:\/\/breastcancer.ca\/wp-content\/uploads\/2025\/04\/BCC_Logo_endscreen.png\",\"width\":1456,\"height\":260,\"caption\":\"Breast Cancer Canada\"},\"image\":{\"@id\":\"https:\/\/breastcancer.ca\/fr\/#\/schema\/logo\/image\/\"}}]}<\/script>\n<!-- \/ Yoast SEO plugin. -->","yoast_head_json":{"title":"Cr\u00e9ez votre propre collecte de fonds - Breast Cancer Canada","robots":{"index":"index","follow":"follow","max-snippet":"max-snippet:-1","max-image-preview":"max-image-preview:large","max-video-preview":"max-video-preview:-1"},"canonical":"https:\/\/breastcancer.ca\/fr\/creez-votre-propre-collecte-de-fonds\/","og_locale":"fr_FR","og_type":"article","og_title":"Cr\u00e9ez votre propre collecte de fonds - Breast Cancer Canada","og_description":"Cr\u00e9ez une collecte de fonds pour Cancer du sein Canada et devenez un agent de changement pour la 1 femme canadienne sur 8 qui recevra un diagnostic de cancer du sein au cours de sa vie. En organisant une collecte de fonds pour CCS, vous financerez des recherches r\u00e9volutionnaires pour mieux d\u00e9tecter, traiter et m\u00eame [&hellip;]","og_url":"https:\/\/breastcancer.ca\/fr\/creez-votre-propre-collecte-de-fonds\/","og_site_name":"Breast Cancer Canada","article_modified_time":"2025-10-09T00:20:50+00:00","og_image":[{"width":664,"height":231,"url":"https:\/\/breastcancer.ca\/wp-content\/uploads\/2025\/07\/cyof.png","type":"image\/png"}],"twitter_card":"summary_large_image","twitter_misc":{"Dur\u00e9e de lecture estim\u00e9e":"1 minute"},"schema":{"@context":"https:\/\/schema.org","@graph":[{"@type":"WebPage","@id":"https:\/\/breastcancer.ca\/fr\/creez-votre-propre-collecte-de-fonds\/","url":"https:\/\/breastcancer.ca\/fr\/creez-votre-propre-collecte-de-fonds\/","name":"Cr\u00e9ez votre propre collecte de fonds - Breast Cancer Canada","isPartOf":{"@id":"https:\/\/breastcancer.ca\/fr\/#website"},"primaryImageOfPage":{"@id":"https:\/\/breastcancer.ca\/fr\/creez-votre-propre-collecte-de-fonds\/#primaryimage"},"image":{"@id":"https:\/\/breastcancer.ca\/fr\/creez-votre-propre-collecte-de-fonds\/#primaryimage"},"thumbnailUrl":"https:\/\/breastcancer.ca\/wp-content\/uploads\/2025\/07\/cyof.png","datePublished":"2025-07-21T21:37:47+00:00","dateModified":"2025-10-09T00:20:50+00:00","breadcrumb":{"@id":"https:\/\/breastcancer.ca\/fr\/creez-votre-propre-collecte-de-fonds\/#breadcrumb"},"inLanguage":"fr-FR","potentialAction":[{"@type":"ReadAction","target":["https:\/\/breastcancer.ca\/fr\/creez-votre-propre-collecte-de-fonds\/"]}]},{"@type":"ImageObject","inLanguage":"fr-FR","@id":"https:\/\/breastcancer.ca\/fr\/creez-votre-propre-collecte-de-fonds\/#primaryimage","url":"https:\/\/breastcancer.ca\/wp-content\/uploads\/2025\/07\/cyof.png","contentUrl":"https:\/\/breastcancer.ca\/wp-content\/uploads\/2025\/07\/cyof.png"},{"@type":"BreadcrumbList","@id":"https:\/\/breastcancer.ca\/fr\/creez-votre-propre-collecte-de-fonds\/#breadcrumb","itemListElement":[{"@type":"ListItem","position":1,"name":"Home","item":"https:\/\/breastcancer.ca\/fr\/accueil\/"},{"@type":"ListItem","position":2,"name":"Cr\u00e9ez votre propre collecte de fonds"}]},{"@type":"WebSite","@id":"https:\/\/breastcancer.ca\/fr\/#website","url":"https:\/\/breastcancer.ca\/fr\/","name":"Breast Cancer Canada","description":"The more we know, the sooner we can end breast cancer.","publisher":{"@id":"https:\/\/breastcancer.ca\/fr\/#organization"},"potentialAction":[{"@type":"SearchAction","target":{"@type":"EntryPoint","urlTemplate":"https:\/\/breastcancer.ca\/fr\/?s={search_term_string}"},"query-input":{"@type":"PropertyValueSpecification","valueRequired":true,"valueName":"search_term_string"}}],"inLanguage":"fr-FR"},{"@type":"Organization","@id":"https:\/\/breastcancer.ca\/fr\/#organization","name":"Breast Cancer Canada","url":"https:\/\/breastcancer.ca\/fr\/","logo":{"@type":"ImageObject","inLanguage":"fr-FR","@id":"https:\/\/breastcancer.ca\/fr\/#\/schema\/logo\/image\/","url":"https:\/\/breastcancer.ca\/wp-content\/uploads\/2025\/04\/BCC_Logo_endscreen.png","contentUrl":"https:\/\/breastcancer.ca\/wp-content\/uploads\/2025\/04\/BCC_Logo_endscreen.png","width":1456,"height":260,"caption":"Breast Cancer Canada"},"image":{"@id":"https:\/\/breastcancer.ca\/fr\/#\/schema\/logo\/image\/"}}]}},"_links":{"self":[{"href":"https:\/\/breastcancer.ca\/fr\/wp-json\/wp\/v2\/pages\/15492","targetHints":{"allow":["GET"]}}],"collection":[{"href":"https:\/\/breastcancer.ca\/fr\/wp-json\/wp\/v2\/pages"}],"about":[{"href":"https:\/\/breastcancer.ca\/fr\/wp-json\/wp\/v2\/types\/page"}],"author":[{"embeddable":true,"href":"https:\/\/breastcancer.ca\/fr\/wp-json\/wp\/v2\/users\/1"}],"replies":[{"embeddable":true,"href":"https:\/\/breastcancer.ca\/fr\/wp-json\/wp\/v2\/comments?post=15492"}],"version-history":[{"count":1,"href":"https:\/\/breastcancer.ca\/fr\/wp-json\/wp\/v2\/pages\/15492\/revisions"}],"predecessor-version":[{"id":15504,"href":"https:\/\/breastcancer.ca\/fr\/wp-json\/wp\/v2\/pages\/15492\/revisions\/15504"}],"wp:attachment":[{"href":"https:\/\/breastcancer.ca\/fr\/wp-json\/wp\/v2\/media?parent=15492"}],"curies":[{"name":"wp","href":"https:\/\/api.w.org\/{rel}","templated":true}]}}