{"id":15505,"date":"2025-06-27T17:52:12","date_gmt":"2025-06-27T17:52:12","guid":{"rendered":"https:\/\/breastcancer.ca\/financier\/"},"modified":"2025-10-09T00:20:50","modified_gmt":"2025-10-09T00:20:50","slug":"financier","status":"publish","type":"page","link":"https:\/\/breastcancer.ca\/fr\/financier\/","title":{"rendered":"Financier"},"content":{"rendered":"\t\t<div data-elementor-type=\"wp-page\" data-elementor-id=\"15505\" class=\"elementor elementor-15505 elementor-13600\" data-elementor-post-type=\"page\">\n\t\t\t\t<div class=\"elementor-element elementor-element-1e6d022 e-flex e-con-boxed e-con e-parent\" data-id=\"1e6d022\" data-element_type=\"container\" data-settings=\"{&quot;background_background&quot;:&quot;classic&quot;}\">\n\t\t\t\t\t<div class=\"e-con-inner\">\n\t\t<div class=\"elementor-element elementor-element-46bd61f e-con-full e-flex e-con e-child\" data-id=\"46bd61f\" data-element_type=\"container\">\n\t\t<div class=\"elementor-element elementor-element-d06f171 e-con-full e-flex e-con e-child\" data-id=\"d06f171\" data-element_type=\"container\">\n\t\t\t\t<div class=\"elementor-element elementor-element-97c1dc0 elementor-widget elementor-widget-heading\" data-id=\"97c1dc0\" data-element_type=\"widget\" data-widget_type=\"heading.default\">\n\t\t\t\t<div class=\"elementor-widget-container\">\n\t\t\t\t\t<h1 class=\"elementor-heading-title elementor-size-default\">Financier<\/h1>\t\t\t\t<\/div>\n\t\t\t\t<\/div>\n\t\t\t\t<\/div>\n\t\t<div class=\"elementor-element elementor-element-e8fb5a6 e-con-full e-flex e-con e-child\" data-id=\"e8fb5a6\" data-element_type=\"container\">\n\t\t\t\t<\/div>\n\t\t\t\t<\/div>\n\t\t\t\t\t<\/div>\n\t\t\t\t<\/div>\n\t\t<div class=\"elementor-element elementor-element-d2e82b3 e-flex e-con-boxed e-con e-parent\" data-id=\"d2e82b3\" data-element_type=\"container\">\n\t\t\t\t\t<div class=\"e-con-inner\">\n\t\t<div class=\"elementor-element elementor-element-30fb096 e-con-full e-flex e-con e-child\" data-id=\"30fb096\" data-element_type=\"container\">\n\t\t<div class=\"elementor-element elementor-element-83516eb e-con-full e-flex e-con e-child\" data-id=\"83516eb\" data-element_type=\"container\">\n\t\t\t\t<div class=\"elementor-element elementor-element-ea0c92e elementor-widget elementor-widget-text-editor\" data-id=\"ea0c92e\" data-element_type=\"widget\" data-widget_type=\"text-editor.default\">\n\t\t\t\t<div class=\"elementor-widget-container\">\n\t\t\t\t\t\t\t\t\t<h3 class=\"elementor-heading-title elementor-size-default\">Transparence et finances<\/h3><p> <\/p><p>Cancer du sein Canada reconna\u00eet l&rsquo;importance de la responsabilit\u00e9 financi\u00e8re et de la transparence. <\/p><p>Pour examiner nos \u00e9tats financiers r\u00e9cents et voir comment les dons sont utilis\u00e9s, nous vous invitons \u00e0 consulter l&rsquo;Agence du revenu du Canada.<\/p>\t\t\t\t\t\t\t\t<\/div>\n\t\t\t\t<\/div>\n\t\t\t\t<\/div>\n\t\t<div class=\"elementor-element elementor-element-f301db9 e-con-full e-flex e-con e-child\" data-id=\"f301db9\" data-element_type=\"container\">\n\t\t\t\t<div class=\"elementor-element elementor-element-f5cf6b9 elementor-widget elementor-widget-text-editor\" data-id=\"f5cf6b9\" data-element_type=\"widget\" data-widget_type=\"text-editor.default\">\n\t\t\t\t<div class=\"elementor-widget-container\">\n\t\t\t\t\t\t\t\t\t<p class=\"sm\"><strong>Cancer du sein Canada<\/strong><\/p><p class=\"lg\">D\u00e9claration de renseignements<br>des organismes de bienfaisance (T3010)<\/p>\t\t\t\t\t\t\t\t<\/div>\n\t\t\t\t<\/div>\n\t\t\t\t<div class=\"elementor-element elementor-element-d26ed48 elementor-widget elementor-widget-button\" data-id=\"d26ed48\" data-element_type=\"widget\" data-widget_type=\"button.default\">\n\t\t\t\t<div class=\"elementor-widget-container\">\n\t\t\t\t\t\t\t\t\t<div class=\"elementor-button-wrapper\">\n\t\t\t\t\t<a class=\"elementor-button elementor-button-link elementor-size-sm\" href=\"https:\/\/apps.cra-arc.gc.ca\/ebci\/hacc\/srch\/pub\/dsplyRprtngPrd?q.srchNmFltr=breast+cancer+society&#038;q.stts=0007&#038;selectedCharityBn=137969861RR0001&#038;dsrdPg=1\">\n\t\t\t\t\t\t<span class=\"elementor-button-content-wrapper\">\n\t\t\t\t\t\t\t\t\t<span class=\"elementor-button-text\">En savoir plus<\/span>\n\t\t\t\t\t<\/span>\n\t\t\t\t\t<\/a>\n\t\t\t\t<\/div>\n\t\t\t\t\t\t\t\t<\/div>\n\t\t\t\t<\/div>\n\t\t\t\t<\/div>\n\t\t\t\t<\/div>\n\t\t\t\t\t<\/div>\n\t\t\t\t<\/div>\n\t\t\t\t<\/div>\n\t\t","protected":false},"excerpt":{"rendered":"<p>Financier Transparence et finances Cancer du sein Canada reconna\u00eet l&rsquo;importance de la responsabilit\u00e9 financi\u00e8re et de la transparence. Pour examiner nos \u00e9tats financiers r\u00e9cents et voir comment les dons sont utilis\u00e9s, nous vous invitons \u00e0 consulter l&rsquo;Agence du revenu du Canada. Cancer du sein Canada D\u00e9claration de renseignementsdes organismes de bienfaisance (T3010) En savoir plus<\/p>\n","protected":false},"author":1,"featured_media":0,"parent":0,"menu_order":0,"comment_status":"closed","ping_status":"closed","template":"","meta":{"_acf_changed":false,"footnotes":""},"class_list":["post-15505","page","type-page","status-publish","hentry"],"acf":[],"yoast_head":"<!-- This site is optimized with the Yoast SEO plugin v26.5 - https:\/\/yoast.com\/wordpress\/plugins\/seo\/ -->\n<title>Financier - Breast Cancer Canada<\/title>\n<meta name=\"robots\" content=\"index, follow, max-snippet:-1, max-image-preview:large, max-video-preview:-1\" \/>\n<link rel=\"canonical\" href=\"https:\/\/breastcancer.ca\/fr\/financier\/\" \/>\n<meta property=\"og:locale\" content=\"fr_FR\" \/>\n<meta property=\"og:type\" content=\"article\" \/>\n<meta property=\"og:title\" content=\"Financier - Breast Cancer Canada\" \/>\n<meta property=\"og:description\" content=\"Financier Transparence et finances Cancer du sein Canada reconna\u00eet l&rsquo;importance de la responsabilit\u00e9 financi\u00e8re et de la transparence. Pour examiner nos \u00e9tats financiers r\u00e9cents et voir comment les dons sont utilis\u00e9s, nous vous invitons \u00e0 consulter l&rsquo;Agence du revenu du Canada. Cancer du sein Canada D\u00e9claration de renseignementsdes organismes de bienfaisance (T3010) En savoir plus\" \/>\n<meta property=\"og:url\" content=\"https:\/\/breastcancer.ca\/fr\/financier\/\" \/>\n<meta property=\"og:site_name\" content=\"Breast Cancer Canada\" \/>\n<meta property=\"article:modified_time\" content=\"2025-10-09T00:20:50+00:00\" \/>\n<meta name=\"twitter:card\" content=\"summary_large_image\" \/>\n<script type=\"application\/ld+json\" class=\"yoast-schema-graph\">{\"@context\":\"https:\/\/schema.org\",\"@graph\":[{\"@type\":\"WebPage\",\"@id\":\"https:\/\/breastcancer.ca\/fr\/financier\/\",\"url\":\"https:\/\/breastcancer.ca\/fr\/financier\/\",\"name\":\"Financier - Breast Cancer Canada\",\"isPartOf\":{\"@id\":\"https:\/\/breastcancer.ca\/fr\/#website\"},\"datePublished\":\"2025-06-27T17:52:12+00:00\",\"dateModified\":\"2025-10-09T00:20:50+00:00\",\"breadcrumb\":{\"@id\":\"https:\/\/breastcancer.ca\/fr\/financier\/#breadcrumb\"},\"inLanguage\":\"fr-FR\",\"potentialAction\":[{\"@type\":\"ReadAction\",\"target\":[\"https:\/\/breastcancer.ca\/fr\/financier\/\"]}]},{\"@type\":\"BreadcrumbList\",\"@id\":\"https:\/\/breastcancer.ca\/fr\/financier\/#breadcrumb\",\"itemListElement\":[{\"@type\":\"ListItem\",\"position\":1,\"name\":\"Home\",\"item\":\"https:\/\/breastcancer.ca\/fr\/accueil\/\"},{\"@type\":\"ListItem\",\"position\":2,\"name\":\"Financier\"}]},{\"@type\":\"WebSite\",\"@id\":\"https:\/\/breastcancer.ca\/fr\/#website\",\"url\":\"https:\/\/breastcancer.ca\/fr\/\",\"name\":\"Breast Cancer Canada\",\"description\":\"The more we know, the sooner we can end breast cancer.\",\"publisher\":{\"@id\":\"https:\/\/breastcancer.ca\/fr\/#organization\"},\"potentialAction\":[{\"@type\":\"SearchAction\",\"target\":{\"@type\":\"EntryPoint\",\"urlTemplate\":\"https:\/\/breastcancer.ca\/fr\/?s={search_term_string}\"},\"query-input\":{\"@type\":\"PropertyValueSpecification\",\"valueRequired\":true,\"valueName\":\"search_term_string\"}}],\"inLanguage\":\"fr-FR\"},{\"@type\":\"Organization\",\"@id\":\"https:\/\/breastcancer.ca\/fr\/#organization\",\"name\":\"Breast Cancer Canada\",\"url\":\"https:\/\/breastcancer.ca\/fr\/\",\"logo\":{\"@type\":\"ImageObject\",\"inLanguage\":\"fr-FR\",\"@id\":\"https:\/\/breastcancer.ca\/fr\/#\/schema\/logo\/image\/\",\"url\":\"https:\/\/breastcancer.ca\/wp-content\/uploads\/2025\/04\/BCC_Logo_endscreen.png\",\"contentUrl\":\"https:\/\/breastcancer.ca\/wp-content\/uploads\/2025\/04\/BCC_Logo_endscreen.png\",\"width\":1456,\"height\":260,\"caption\":\"Breast Cancer Canada\"},\"image\":{\"@id\":\"https:\/\/breastcancer.ca\/fr\/#\/schema\/logo\/image\/\"}}]}<\/script>\n<!-- \/ Yoast SEO plugin. -->","yoast_head_json":{"title":"Financier - Breast Cancer Canada","robots":{"index":"index","follow":"follow","max-snippet":"max-snippet:-1","max-image-preview":"max-image-preview:large","max-video-preview":"max-video-preview:-1"},"canonical":"https:\/\/breastcancer.ca\/fr\/financier\/","og_locale":"fr_FR","og_type":"article","og_title":"Financier - Breast Cancer Canada","og_description":"Financier Transparence et finances Cancer du sein Canada reconna\u00eet l&rsquo;importance de la responsabilit\u00e9 financi\u00e8re et de la transparence. Pour examiner nos \u00e9tats financiers r\u00e9cents et voir comment les dons sont utilis\u00e9s, nous vous invitons \u00e0 consulter l&rsquo;Agence du revenu du Canada. Cancer du sein Canada D\u00e9claration de renseignementsdes organismes de bienfaisance (T3010) En savoir plus","og_url":"https:\/\/breastcancer.ca\/fr\/financier\/","og_site_name":"Breast Cancer Canada","article_modified_time":"2025-10-09T00:20:50+00:00","twitter_card":"summary_large_image","schema":{"@context":"https:\/\/schema.org","@graph":[{"@type":"WebPage","@id":"https:\/\/breastcancer.ca\/fr\/financier\/","url":"https:\/\/breastcancer.ca\/fr\/financier\/","name":"Financier - Breast Cancer Canada","isPartOf":{"@id":"https:\/\/breastcancer.ca\/fr\/#website"},"datePublished":"2025-06-27T17:52:12+00:00","dateModified":"2025-10-09T00:20:50+00:00","breadcrumb":{"@id":"https:\/\/breastcancer.ca\/fr\/financier\/#breadcrumb"},"inLanguage":"fr-FR","potentialAction":[{"@type":"ReadAction","target":["https:\/\/breastcancer.ca\/fr\/financier\/"]}]},{"@type":"BreadcrumbList","@id":"https:\/\/breastcancer.ca\/fr\/financier\/#breadcrumb","itemListElement":[{"@type":"ListItem","position":1,"name":"Home","item":"https:\/\/breastcancer.ca\/fr\/accueil\/"},{"@type":"ListItem","position":2,"name":"Financier"}]},{"@type":"WebSite","@id":"https:\/\/breastcancer.ca\/fr\/#website","url":"https:\/\/breastcancer.ca\/fr\/","name":"Breast Cancer Canada","description":"The more we know, the sooner we can end breast cancer.","publisher":{"@id":"https:\/\/breastcancer.ca\/fr\/#organization"},"potentialAction":[{"@type":"SearchAction","target":{"@type":"EntryPoint","urlTemplate":"https:\/\/breastcancer.ca\/fr\/?s={search_term_string}"},"query-input":{"@type":"PropertyValueSpecification","valueRequired":true,"valueName":"search_term_string"}}],"inLanguage":"fr-FR"},{"@type":"Organization","@id":"https:\/\/breastcancer.ca\/fr\/#organization","name":"Breast Cancer Canada","url":"https:\/\/breastcancer.ca\/fr\/","logo":{"@type":"ImageObject","inLanguage":"fr-FR","@id":"https:\/\/breastcancer.ca\/fr\/#\/schema\/logo\/image\/","url":"https:\/\/breastcancer.ca\/wp-content\/uploads\/2025\/04\/BCC_Logo_endscreen.png","contentUrl":"https:\/\/breastcancer.ca\/wp-content\/uploads\/2025\/04\/BCC_Logo_endscreen.png","width":1456,"height":260,"caption":"Breast Cancer Canada"},"image":{"@id":"https:\/\/breastcancer.ca\/fr\/#\/schema\/logo\/image\/"}}]}},"_links":{"self":[{"href":"https:\/\/breastcancer.ca\/fr\/wp-json\/wp\/v2\/pages\/15505","targetHints":{"allow":["GET"]}}],"collection":[{"href":"https:\/\/breastcancer.ca\/fr\/wp-json\/wp\/v2\/pages"}],"about":[{"href":"https:\/\/breastcancer.ca\/fr\/wp-json\/wp\/v2\/types\/page"}],"author":[{"embeddable":true,"href":"https:\/\/breastcancer.ca\/fr\/wp-json\/wp\/v2\/users\/1"}],"replies":[{"embeddable":true,"href":"https:\/\/breastcancer.ca\/fr\/wp-json\/wp\/v2\/comments?post=15505"}],"version-history":[{"count":1,"href":"https:\/\/breastcancer.ca\/fr\/wp-json\/wp\/v2\/pages\/15505\/revisions"}],"predecessor-version":[{"id":15506,"href":"https:\/\/breastcancer.ca\/fr\/wp-json\/wp\/v2\/pages\/15505\/revisions\/15506"}],"wp:attachment":[{"href":"https:\/\/breastcancer.ca\/fr\/wp-json\/wp\/v2\/media?parent=15505"}],"curies":[{"name":"wp","href":"https:\/\/api.w.org\/{rel}","templated":true}]}}