{"id":15508,"date":"2025-06-23T16:29:19","date_gmt":"2025-06-23T16:29:19","guid":{"rendered":"https:\/\/breastcancer.ca\/defi-collectez-plus\/"},"modified":"2025-10-09T00:20:50","modified_gmt":"2025-10-09T00:20:50","slug":"defi-collectez-plus","status":"publish","type":"page","link":"https:\/\/breastcancer.ca\/fr\/defi-collectez-plus\/","title":{"rendered":"D\u00e9fi Collectez plus"},"content":{"rendered":"\t\t<div data-elementor-type=\"wp-page\" data-elementor-id=\"15508\" class=\"elementor elementor-15508 elementor-13311\" data-elementor-post-type=\"page\">\n\t\t\t\t<div class=\"elementor-element elementor-element-14f508b e-flex e-con-boxed e-con e-parent\" data-id=\"14f508b\" data-element_type=\"container\" data-settings=\"{&quot;background_background&quot;:&quot;classic&quot;}\">\n\t\t\t\t\t<div class=\"e-con-inner\">\n\t\t\t\t<div class=\"elementor-element elementor-element-365f7d3 elementor-hidden-mobile elementor-widget elementor-widget-heading\" data-id=\"365f7d3\" data-element_type=\"widget\" data-widget_type=\"heading.default\">\n\t\t\t\t<div class=\"elementor-widget-container\">\n\t\t\t\t\t<h1 class=\"elementor-heading-title elementor-size-default\">Revenez bient\u00f4t !<\/h1>\t\t\t\t<\/div>\n\t\t\t\t<\/div>\n\t\t\t\t<div class=\"elementor-element elementor-element-71dca76 elementor-hidden-mobile elementor-widget elementor-widget-heading\" data-id=\"71dca76\" data-element_type=\"widget\" data-widget_type=\"heading.default\">\n\t\t\t\t<div class=\"elementor-widget-container\">\n\t\t\t\t\t<h1 class=\"elementor-heading-title elementor-size-default\">Lancement le 1er ao\u00fbt 2025<\/h1>\t\t\t\t<\/div>\n\t\t\t\t<\/div>\n\t\t\t\t\t<\/div>\n\t\t\t\t<\/div>\n\t\t<div class=\"elementor-element elementor-element-534df72 e-flex e-con-boxed e-con e-parent\" data-id=\"534df72\" data-element_type=\"container\" data-settings=\"{&quot;background_background&quot;:&quot;classic&quot;}\">\n\t\t\t\t\t<div class=\"e-con-inner\">\n\t\t<div class=\"elementor-element elementor-element-50d893b e-con-full e-flex e-con e-child\" data-id=\"50d893b\" data-element_type=\"container\">\n\t\t<div class=\"elementor-element elementor-element-e3dcde9 e-con-full e-flex e-con e-child\" data-id=\"e3dcde9\" data-element_type=\"container\">\n\t\t<div class=\"elementor-element elementor-element-080cec0 e-con-full e-flex e-con e-child\" data-id=\"080cec0\" data-element_type=\"container\">\n\t\t\t\t<div class=\"elementor-element elementor-element-ec52b60 elementor-widget elementor-widget-image\" data-id=\"ec52b60\" data-element_type=\"widget\" data-widget_type=\"image.default\">\n\t\t\t\t<div class=\"elementor-widget-container\">\n\t\t\t\t\t\t\t\t\t\t\t\t\t\t\t<img fetchpriority=\"high\" decoding=\"async\" width=\"668\" height=\"256\" src=\"https:\/\/breastcancer.ca\/wp-content\/uploads\/2025\/06\/RMC_logo.png\" class=\"attachment-large size-large wp-image-15510\" alt=\"\" srcset=\"https:\/\/breastcancer.ca\/wp-content\/uploads\/2025\/06\/RMC_logo.png 668w, https:\/\/breastcancer.ca\/wp-content\/uploads\/2025\/06\/RMC_logo-300x115.png 300w\" sizes=\"(max-width: 668px) 100vw, 668px\" \/>\t\t\t\t\t\t\t\t\t\t\t\t\t\t\t<\/div>\n\t\t\t\t<\/div>\n\t\t\t\t<div class=\"elementor-element elementor-element-5174c87 elementor-widget-mobile__width-inherit elementor-widget-tablet__width-inherit elementor-widget elementor-widget-text-editor\" data-id=\"5174c87\" data-element_type=\"widget\" data-widget_type=\"text-editor.default\">\n\t\t\t\t<div class=\"elementor-widget-container\">\n\t\t\t\t\t\t\t\t\t<p>Les avanc\u00e9es en mati\u00e8re de d\u00e9tection pr\u00e9coce et de traitement personnalis\u00e9 sont \u00e0 port\u00e9e de main, et avec votre aide, nous pouvons faire du cancer du sein une maladie et non une maladie potentiellement mortelle.<\/p><p>Joignez-vous \u00e0 nous ce mois d&rsquo;octobre en collectant plus avec nous. Tout pour la recherche vitale sur le cancer du sein. Lancez votre propre campagne de collecte de fonds. Mobilisez vos amis, votre famille et vos coll\u00e8gues pour organiser un \u00e9v\u00e9nement. Faites tout ce qui vous inspire.<\/p><p>Chaque action compte. Chaque dollar compte. Si vous ne pensez pas que cela fera une diff\u00e9rence, nous avons la science pour prouver que c&rsquo;est le cas.<\/p><p><a href=\"http:\/\/knowmoreraisemore.ca\" target=\"_blank\" rel=\"noopener\">knowmoreraisemore.ca<\/a><\/p>\t\t\t\t\t\t\t\t<\/div>\n\t\t\t\t<\/div>\n\t\t\t\t<\/div>\n\t\t\t\t<\/div>\n\t\t\t\t<\/div>\n\t\t\t\t\t<\/div>\n\t\t\t\t<\/div>\n\t\t\t\t<\/div>\n\t\t","protected":false},"excerpt":{"rendered":"<p>Revenez bient\u00f4t ! Lancement le 1er ao\u00fbt 2025 Les avanc\u00e9es en mati\u00e8re de d\u00e9tection pr\u00e9coce et de traitement personnalis\u00e9 sont \u00e0 port\u00e9e de main, et avec votre aide, nous pouvons faire du cancer du sein une maladie et non une maladie potentiellement mortelle. Joignez-vous \u00e0 nous ce mois d&rsquo;octobre en collectant plus avec nous. Tout [&hellip;]<\/p>\n","protected":false},"author":1,"featured_media":0,"parent":0,"menu_order":0,"comment_status":"closed","ping_status":"closed","template":"","meta":{"_acf_changed":false,"footnotes":""},"class_list":["post-15508","page","type-page","status-publish","hentry"],"acf":[],"yoast_head":"<!-- This site is optimized with the Yoast SEO plugin v26.5 - https:\/\/yoast.com\/wordpress\/plugins\/seo\/ -->\n<title>D\u00e9fi Collectez plus - Breast Cancer Canada<\/title>\n<meta name=\"robots\" content=\"index, follow, max-snippet:-1, max-image-preview:large, max-video-preview:-1\" \/>\n<link rel=\"canonical\" href=\"https:\/\/breastcancer.ca\/fr\/defi-collectez-plus\/\" \/>\n<meta property=\"og:locale\" content=\"fr_FR\" \/>\n<meta property=\"og:type\" content=\"article\" \/>\n<meta property=\"og:title\" content=\"D\u00e9fi Collectez plus - Breast Cancer Canada\" \/>\n<meta property=\"og:description\" content=\"Revenez bient\u00f4t ! Lancement le 1er ao\u00fbt 2025 Les avanc\u00e9es en mati\u00e8re de d\u00e9tection pr\u00e9coce et de traitement personnalis\u00e9 sont \u00e0 port\u00e9e de main, et avec votre aide, nous pouvons faire du cancer du sein une maladie et non une maladie potentiellement mortelle. Joignez-vous \u00e0 nous ce mois d&rsquo;octobre en collectant plus avec nous. Tout [&hellip;]\" \/>\n<meta property=\"og:url\" content=\"https:\/\/breastcancer.ca\/fr\/defi-collectez-plus\/\" \/>\n<meta property=\"og:site_name\" content=\"Breast Cancer Canada\" \/>\n<meta property=\"article:modified_time\" content=\"2025-10-09T00:20:50+00:00\" \/>\n<meta property=\"og:image\" content=\"https:\/\/breastcancer.ca\/wp-content\/uploads\/2025\/06\/RMC_logo.png\" \/>\n\t<meta property=\"og:image:width\" content=\"668\" \/>\n\t<meta property=\"og:image:height\" content=\"256\" \/>\n\t<meta property=\"og:image:type\" content=\"image\/png\" \/>\n<meta name=\"twitter:card\" content=\"summary_large_image\" \/>\n<meta name=\"twitter:label1\" content=\"Dur\u00e9e de lecture estim\u00e9e\" \/>\n\t<meta name=\"twitter:data1\" content=\"1 minute\" \/>\n<script type=\"application\/ld+json\" class=\"yoast-schema-graph\">{\"@context\":\"https:\/\/schema.org\",\"@graph\":[{\"@type\":\"WebPage\",\"@id\":\"https:\/\/breastcancer.ca\/fr\/defi-collectez-plus\/\",\"url\":\"https:\/\/breastcancer.ca\/fr\/defi-collectez-plus\/\",\"name\":\"D\u00e9fi Collectez plus - Breast Cancer Canada\",\"isPartOf\":{\"@id\":\"https:\/\/breastcancer.ca\/fr\/#website\"},\"primaryImageOfPage\":{\"@id\":\"https:\/\/breastcancer.ca\/fr\/defi-collectez-plus\/#primaryimage\"},\"image\":{\"@id\":\"https:\/\/breastcancer.ca\/fr\/defi-collectez-plus\/#primaryimage\"},\"thumbnailUrl\":\"https:\/\/breastcancer.ca\/wp-content\/uploads\/2025\/06\/RMC_logo.png\",\"datePublished\":\"2025-06-23T16:29:19+00:00\",\"dateModified\":\"2025-10-09T00:20:50+00:00\",\"breadcrumb\":{\"@id\":\"https:\/\/breastcancer.ca\/fr\/defi-collectez-plus\/#breadcrumb\"},\"inLanguage\":\"fr-FR\",\"potentialAction\":[{\"@type\":\"ReadAction\",\"target\":[\"https:\/\/breastcancer.ca\/fr\/defi-collectez-plus\/\"]}]},{\"@type\":\"ImageObject\",\"inLanguage\":\"fr-FR\",\"@id\":\"https:\/\/breastcancer.ca\/fr\/defi-collectez-plus\/#primaryimage\",\"url\":\"https:\/\/breastcancer.ca\/wp-content\/uploads\/2025\/06\/RMC_logo.png\",\"contentUrl\":\"https:\/\/breastcancer.ca\/wp-content\/uploads\/2025\/06\/RMC_logo.png\"},{\"@type\":\"BreadcrumbList\",\"@id\":\"https:\/\/breastcancer.ca\/fr\/defi-collectez-plus\/#breadcrumb\",\"itemListElement\":[{\"@type\":\"ListItem\",\"position\":1,\"name\":\"Home\",\"item\":\"https:\/\/breastcancer.ca\/fr\/accueil\/\"},{\"@type\":\"ListItem\",\"position\":2,\"name\":\"D\u00e9fi Collectez plus\"}]},{\"@type\":\"WebSite\",\"@id\":\"https:\/\/breastcancer.ca\/fr\/#website\",\"url\":\"https:\/\/breastcancer.ca\/fr\/\",\"name\":\"Breast Cancer Canada\",\"description\":\"The more we know, the sooner we can end breast cancer.\",\"publisher\":{\"@id\":\"https:\/\/breastcancer.ca\/fr\/#organization\"},\"potentialAction\":[{\"@type\":\"SearchAction\",\"target\":{\"@type\":\"EntryPoint\",\"urlTemplate\":\"https:\/\/breastcancer.ca\/fr\/?s={search_term_string}\"},\"query-input\":{\"@type\":\"PropertyValueSpecification\",\"valueRequired\":true,\"valueName\":\"search_term_string\"}}],\"inLanguage\":\"fr-FR\"},{\"@type\":\"Organization\",\"@id\":\"https:\/\/breastcancer.ca\/fr\/#organization\",\"name\":\"Breast Cancer Canada\",\"url\":\"https:\/\/breastcancer.ca\/fr\/\",\"logo\":{\"@type\":\"ImageObject\",\"inLanguage\":\"fr-FR\",\"@id\":\"https:\/\/breastcancer.ca\/fr\/#\/schema\/logo\/image\/\",\"url\":\"https:\/\/breastcancer.ca\/wp-content\/uploads\/2025\/04\/BCC_Logo_endscreen.png\",\"contentUrl\":\"https:\/\/breastcancer.ca\/wp-content\/uploads\/2025\/04\/BCC_Logo_endscreen.png\",\"width\":1456,\"height\":260,\"caption\":\"Breast Cancer Canada\"},\"image\":{\"@id\":\"https:\/\/breastcancer.ca\/fr\/#\/schema\/logo\/image\/\"}}]}<\/script>\n<!-- \/ Yoast SEO plugin. -->","yoast_head_json":{"title":"D\u00e9fi Collectez plus - Breast Cancer Canada","robots":{"index":"index","follow":"follow","max-snippet":"max-snippet:-1","max-image-preview":"max-image-preview:large","max-video-preview":"max-video-preview:-1"},"canonical":"https:\/\/breastcancer.ca\/fr\/defi-collectez-plus\/","og_locale":"fr_FR","og_type":"article","og_title":"D\u00e9fi Collectez plus - Breast Cancer Canada","og_description":"Revenez bient\u00f4t ! Lancement le 1er ao\u00fbt 2025 Les avanc\u00e9es en mati\u00e8re de d\u00e9tection pr\u00e9coce et de traitement personnalis\u00e9 sont \u00e0 port\u00e9e de main, et avec votre aide, nous pouvons faire du cancer du sein une maladie et non une maladie potentiellement mortelle. Joignez-vous \u00e0 nous ce mois d&rsquo;octobre en collectant plus avec nous. Tout [&hellip;]","og_url":"https:\/\/breastcancer.ca\/fr\/defi-collectez-plus\/","og_site_name":"Breast Cancer Canada","article_modified_time":"2025-10-09T00:20:50+00:00","og_image":[{"width":668,"height":256,"url":"https:\/\/breastcancer.ca\/wp-content\/uploads\/2025\/06\/RMC_logo.png","type":"image\/png"}],"twitter_card":"summary_large_image","twitter_misc":{"Dur\u00e9e de lecture estim\u00e9e":"1 minute"},"schema":{"@context":"https:\/\/schema.org","@graph":[{"@type":"WebPage","@id":"https:\/\/breastcancer.ca\/fr\/defi-collectez-plus\/","url":"https:\/\/breastcancer.ca\/fr\/defi-collectez-plus\/","name":"D\u00e9fi Collectez plus - Breast Cancer Canada","isPartOf":{"@id":"https:\/\/breastcancer.ca\/fr\/#website"},"primaryImageOfPage":{"@id":"https:\/\/breastcancer.ca\/fr\/defi-collectez-plus\/#primaryimage"},"image":{"@id":"https:\/\/breastcancer.ca\/fr\/defi-collectez-plus\/#primaryimage"},"thumbnailUrl":"https:\/\/breastcancer.ca\/wp-content\/uploads\/2025\/06\/RMC_logo.png","datePublished":"2025-06-23T16:29:19+00:00","dateModified":"2025-10-09T00:20:50+00:00","breadcrumb":{"@id":"https:\/\/breastcancer.ca\/fr\/defi-collectez-plus\/#breadcrumb"},"inLanguage":"fr-FR","potentialAction":[{"@type":"ReadAction","target":["https:\/\/breastcancer.ca\/fr\/defi-collectez-plus\/"]}]},{"@type":"ImageObject","inLanguage":"fr-FR","@id":"https:\/\/breastcancer.ca\/fr\/defi-collectez-plus\/#primaryimage","url":"https:\/\/breastcancer.ca\/wp-content\/uploads\/2025\/06\/RMC_logo.png","contentUrl":"https:\/\/breastcancer.ca\/wp-content\/uploads\/2025\/06\/RMC_logo.png"},{"@type":"BreadcrumbList","@id":"https:\/\/breastcancer.ca\/fr\/defi-collectez-plus\/#breadcrumb","itemListElement":[{"@type":"ListItem","position":1,"name":"Home","item":"https:\/\/breastcancer.ca\/fr\/accueil\/"},{"@type":"ListItem","position":2,"name":"D\u00e9fi Collectez plus"}]},{"@type":"WebSite","@id":"https:\/\/breastcancer.ca\/fr\/#website","url":"https:\/\/breastcancer.ca\/fr\/","name":"Breast Cancer Canada","description":"The more we know, the sooner we can end breast cancer.","publisher":{"@id":"https:\/\/breastcancer.ca\/fr\/#organization"},"potentialAction":[{"@type":"SearchAction","target":{"@type":"EntryPoint","urlTemplate":"https:\/\/breastcancer.ca\/fr\/?s={search_term_string}"},"query-input":{"@type":"PropertyValueSpecification","valueRequired":true,"valueName":"search_term_string"}}],"inLanguage":"fr-FR"},{"@type":"Organization","@id":"https:\/\/breastcancer.ca\/fr\/#organization","name":"Breast Cancer Canada","url":"https:\/\/breastcancer.ca\/fr\/","logo":{"@type":"ImageObject","inLanguage":"fr-FR","@id":"https:\/\/breastcancer.ca\/fr\/#\/schema\/logo\/image\/","url":"https:\/\/breastcancer.ca\/wp-content\/uploads\/2025\/04\/BCC_Logo_endscreen.png","contentUrl":"https:\/\/breastcancer.ca\/wp-content\/uploads\/2025\/04\/BCC_Logo_endscreen.png","width":1456,"height":260,"caption":"Breast Cancer Canada"},"image":{"@id":"https:\/\/breastcancer.ca\/fr\/#\/schema\/logo\/image\/"}}]}},"_links":{"self":[{"href":"https:\/\/breastcancer.ca\/fr\/wp-json\/wp\/v2\/pages\/15508","targetHints":{"allow":["GET"]}}],"collection":[{"href":"https:\/\/breastcancer.ca\/fr\/wp-json\/wp\/v2\/pages"}],"about":[{"href":"https:\/\/breastcancer.ca\/fr\/wp-json\/wp\/v2\/types\/page"}],"author":[{"embeddable":true,"href":"https:\/\/breastcancer.ca\/fr\/wp-json\/wp\/v2\/users\/1"}],"replies":[{"embeddable":true,"href":"https:\/\/breastcancer.ca\/fr\/wp-json\/wp\/v2\/comments?post=15508"}],"version-history":[{"count":1,"href":"https:\/\/breastcancer.ca\/fr\/wp-json\/wp\/v2\/pages\/15508\/revisions"}],"predecessor-version":[{"id":15524,"href":"https:\/\/breastcancer.ca\/fr\/wp-json\/wp\/v2\/pages\/15508\/revisions\/15524"}],"wp:attachment":[{"href":"https:\/\/breastcancer.ca\/fr\/wp-json\/wp\/v2\/media?parent=15508"}],"curies":[{"name":"wp","href":"https:\/\/api.w.org\/{rel}","templated":true}]}}